{"id":3182,"date":"2022-03-25T22:42:59","date_gmt":"2022-03-25T21:42:59","guid":{"rendered":"http:\/\/yapa.art.pl\/2022\/?page_id=3182"},"modified":"2022-03-25T22:42:59","modified_gmt":"2022-03-25T21:42:59","slug":"darowizny","status":"publish","type":"page","link":"https:\/\/yapa.art.pl\/2022\/darowizny\/","title":{"rendered":"Darowizny"},"content":{"rendered":"<p>Chcesz wesprze\u0107 Yap\u0119? Marzy ci si\u0119 koszulka festiwalowa? A mo\u017ce szalik?<\/p>\n<p>Kliknij <a href=\"https:\/\/zrzutka.pl\/8hc978?fbclid=IwAR3iScgzIx7LXRAjwVp8G3Fe1OBYL5cmJhgM1uUGiTzZvezoHPwPxYLhKQ0\">TUTAJ!<\/a><\/p>\n<p>&nbsp;<\/p>\n","protected":false},"excerpt":{"rendered":"<p>Chcesz wesprze\u0107 Yap\u0119? Marzy ci si\u0119 koszulka festiwalowa? A mo\u017ce szalik? Kliknij TUTAJ! &nbsp;<\/p>\n","protected":false},"author":8,"featured_media":0,"parent":0,"menu_order":0,"comment_status":"closed","ping_status":"closed","template":"","meta":{"footnotes":""},"class_list":["post-3182","page","type-page","status-publish","hentry"],"_links":{"self":[{"href":"https:\/\/yapa.art.pl\/2022\/wp-json\/wp\/v2\/pages\/3182","targetHints":{"allow":["GET"]}}],"collection":[{"href":"https:\/\/yapa.art.pl\/2022\/wp-json\/wp\/v2\/pages"}],"about":[{"href":"https:\/\/yapa.art.pl\/2022\/wp-json\/wp\/v2\/types\/page"}],"author":[{"embeddable":true,"href":"https:\/\/yapa.art.pl\/2022\/wp-json\/wp\/v2\/users\/8"}],"replies":[{"embeddable":true,"href":"https:\/\/yapa.art.pl\/2022\/wp-json\/wp\/v2\/comments?post=3182"}],"version-history":[{"count":2,"href":"https:\/\/yapa.art.pl\/2022\/wp-json\/wp\/v2\/pages\/3182\/revisions"}],"predecessor-version":[{"id":3184,"href":"https:\/\/yapa.art.pl\/2022\/wp-json\/wp\/v2\/pages\/3182\/revisions\/3184"}],"wp:attachment":[{"href":"https:\/\/yapa.art.pl\/2022\/wp-json\/wp\/v2\/media?parent=3182"}],"curies":[{"name":"wp","href":"https:\/\/api.w.org\/{rel}","templated":true}]}}