{"id":3186,"date":"2022-03-25T23:32:53","date_gmt":"2022-03-25T22:32:53","guid":{"rendered":"http:\/\/yapa.art.pl\/2022\/?page_id=3186"},"modified":"2022-03-25T23:32:53","modified_gmt":"2022-03-25T22:32:53","slug":"licytacja","status":"publish","type":"page","link":"https:\/\/yapa.art.pl\/2022\/licytacja\/","title":{"rendered":"Licytacja"},"content":{"rendered":"<p>Je\u015bli razem z nami chcesz wesprze\u0107 Ukrain\u0119, zapraszamy do wzi\u0119cia udzia\u0142u w <a href=\"https:\/\/allegro.pl\/oferta\/gitara-z-yapy-2022-z-autografami-11985201860?fbclid=IwAR0tMwEW2yF6UJ042pFEVtmnIy5RZpOKC66KNXp_uonFgs-24twos-GIa98\">licytacji.\u00a0<\/a><\/p>\n","protected":false},"excerpt":{"rendered":"<p>Je\u015bli razem z nami chcesz wesprze\u0107 Ukrain\u0119, zapraszamy do wzi\u0119cia udzia\u0142u w licytacji.\u00a0<\/p>\n","protected":false},"author":8,"featured_media":0,"parent":0,"menu_order":0,"comment_status":"closed","ping_status":"closed","template":"","meta":{"footnotes":""},"class_list":["post-3186","page","type-page","status-publish","hentry"],"_links":{"self":[{"href":"https:\/\/yapa.art.pl\/2022\/wp-json\/wp\/v2\/pages\/3186","targetHints":{"allow":["GET"]}}],"collection":[{"href":"https:\/\/yapa.art.pl\/2022\/wp-json\/wp\/v2\/pages"}],"about":[{"href":"https:\/\/yapa.art.pl\/2022\/wp-json\/wp\/v2\/types\/page"}],"author":[{"embeddable":true,"href":"https:\/\/yapa.art.pl\/2022\/wp-json\/wp\/v2\/users\/8"}],"replies":[{"embeddable":true,"href":"https:\/\/yapa.art.pl\/2022\/wp-json\/wp\/v2\/comments?post=3186"}],"version-history":[{"count":2,"href":"https:\/\/yapa.art.pl\/2022\/wp-json\/wp\/v2\/pages\/3186\/revisions"}],"predecessor-version":[{"id":3188,"href":"https:\/\/yapa.art.pl\/2022\/wp-json\/wp\/v2\/pages\/3186\/revisions\/3188"}],"wp:attachment":[{"href":"https:\/\/yapa.art.pl\/2022\/wp-json\/wp\/v2\/media?parent=3186"}],"curies":[{"name":"wp","href":"https:\/\/api.w.org\/{rel}","templated":true}]}}