{"id":401,"date":"2023-02-07T00:32:12","date_gmt":"2023-02-06T23:32:12","guid":{"rendered":"http:\/\/starzaki.eu.org\/~yapa-dev\/?page_id=401"},"modified":"2023-02-07T00:46:30","modified_gmt":"2023-02-06T23:46:30","slug":"zgloszenie","status":"publish","type":"page","link":"https:\/\/yapa.art.pl\/2023\/zgloszenie\/","title":{"rendered":"Zgloszenie"},"content":{"rendered":"<div id=\"page\">\n<h1 class=\"av-special-heading-tag\">PRZE\u015aLIJ ZG\u0141OSZENIE<\/h1>\n<\/div>\n<p>Podaj nazw\u0119 zespo\u0142u, wybierz przygotowan\u0105 zgodnie z <a href=\"https:\/\/yapa.art.pl\/2023\/konkurs\/\">obowi\u0105zuj\u0105cym<\/a> schematem\u00a0paczk\u0119 ze zg\u0142oszeniem, a nast\u0119pnie wci\u015bnij przycisk\u00a0<strong>Wy\u015blij<\/strong>. Poczekaj na komunikat o pomy\u015blnym przes\u0142aniu zg\u0142oszenia. Paczka ze zg\u0142oszeniem musi by\u0107 mniejsza ni\u017c 4GB. W razie problem\u00f3w z dzia\u0142aniem formularza napisz na\u00a0<a href=\"mailto:zgloszenia@yapa.art.pl\">zgloszenia@yapa.art.pl<\/a>.<\/p>\n<div class=\"field\"><label class=\"long\" for=\"zespol\">Nazwa zespo\u0142u:<\/label><\/div>\n<div class=\"field\"><input id=\"zespol\" name=\"zespol\" type=\"text\" \/><\/div>\n<div class=\"field\"><label class=\"long\" for=\"email\">E-mail kontaktowy:<\/label><\/div>\n<div class=\"field\"><input id=\"email\" name=\"email\" type=\"text\" \/><\/div>\n<div class=\"field\"><label class=\"long\" for=\"file\">Plik zg\u0142oszenia:<\/label>\u00a0<input id=\"file\" name=\"file\" type=\"file\" \/><\/div>\n<div><\/div>\n<div><input required=\"\" type=\"checkbox\" \/>\u00a0Wyra\u017cam zgod\u0119 na przetwarzanie moich danych osobowych w rozumieniu ustawy z dnia 29 sierpnia 1997 roku o ochronie danych osobowych, ustawy z dnia 16 lipca 2004 roku Prawo telekomunikacyjne oraz rozporz\u0105dzeniem Parlamentu Europejskiego i Rady Unii Europejskiej 2016\/679 z dnia 27 kwietnia 2016 r. w sprawie ochrony os\u00f3b fizycznych w zwi\u0105zku z przetwarzaniem danych osobowych i w sprawie swobodnego przep\u0142ywu takich danych oraz uchylenia dyrektywy 95\/46\/WE (tak zwane RODO) w celach zwi\u0105zanych z organizacj\u0105 Og\u00f3lnopolskiego Studenckiego Przegl\u0105du Piosenki Turystycznej YAPA organizowanego przez Studencki Klub Turystyczny P\u0141azik z siedzib\u0105 w \u0141odzi przy al. Politechniki 9 i o\u015bwiadczam, i\u017c podanie przeze mnie danych osobowych jest dobrowolne oraz i\u017c zosta\u0142em poinformowany o prawie \u017c\u0105dania dost\u0119pu do moich danych osobowych, ich zmiany oraz usuni\u0119cia.<\/div>\n<div>\n<div id=\"wrap_all\">\n<div id=\"main\" class=\"all_colors\" data-scroll-offset=\"88\">\n<div class=\"main_color av_default_container_wrap container_wrap fullsize\">\n<div class=\"container\">\n<div id=\"pbs\">\n<form id=\"upload_form\" action=\"https:\/\/yapa.art.pl\/2023\/zgloszenie\/?preview=true\" enctype=\"multipart\/form-data\" method=\"POST\">\n<div class=\"field\"><input class=\"button\" type=\"submit\" value=\"Wy\u015blij\" \/><\/div>\n<\/form>\n<\/div>\n<\/div>\n<\/div>\n<\/div>\n<\/div>\n<\/div>\n","protected":false},"excerpt":{"rendered":"<p>PRZE\u015aLIJ ZG\u0141OSZENIE Podaj nazw\u0119 zespo\u0142u, wybierz przygotowan\u0105 zgodnie z obowi\u0105zuj\u0105cym schematem\u00a0paczk\u0119 ze zg\u0142oszeniem, a nast\u0119pnie wci\u015bnij przycisk\u00a0Wy\u015blij. Poczekaj na komunikat o pomy\u015blnym przes\u0142aniu zg\u0142oszenia. Paczka ze zg\u0142oszeniem musi by\u0107 mniejsza ni\u017c 4GB. W razie problem\u00f3w z dzia\u0142aniem formularza napisz na\u00a0zgloszenia@yapa.art.pl. Nazwa zespo\u0142u: E-mail kontaktowy: Plik zg\u0142oszenia:\u00a0 \u00a0Wyra\u017cam zgod\u0119 na przetwarzanie moich danych osobowych w rozumieniu [&hellip;]<\/p>\n","protected":false},"author":1,"featured_media":0,"parent":0,"menu_order":0,"comment_status":"closed","ping_status":"closed","template":"page-zgloszenie.php","meta":{"footnotes":""},"class_list":["post-401","page","type-page","status-publish","hentry"],"_links":{"self":[{"href":"https:\/\/yapa.art.pl\/2023\/wp-json\/wp\/v2\/pages\/401","targetHints":{"allow":["GET"]}}],"collection":[{"href":"https:\/\/yapa.art.pl\/2023\/wp-json\/wp\/v2\/pages"}],"about":[{"href":"https:\/\/yapa.art.pl\/2023\/wp-json\/wp\/v2\/types\/page"}],"author":[{"embeddable":true,"href":"https:\/\/yapa.art.pl\/2023\/wp-json\/wp\/v2\/users\/1"}],"replies":[{"embeddable":true,"href":"https:\/\/yapa.art.pl\/2023\/wp-json\/wp\/v2\/comments?post=401"}],"version-history":[{"count":3,"href":"https:\/\/yapa.art.pl\/2023\/wp-json\/wp\/v2\/pages\/401\/revisions"}],"predecessor-version":[{"id":3395,"href":"https:\/\/yapa.art.pl\/2023\/wp-json\/wp\/v2\/pages\/401\/revisions\/3395"}],"wp:attachment":[{"href":"https:\/\/yapa.art.pl\/2023\/wp-json\/wp\/v2\/media?parent=401"}],"curies":[{"name":"wp","href":"https:\/\/api.w.org\/{rel}","templated":true}]}}