{"id":22,"date":"2019-01-09T09:30:24","date_gmt":"2019-01-09T08:30:24","guid":{"rendered":"http:\/\/starzaki.eu.org\/~yapa-dev\/?page_id=22"},"modified":"2026-03-04T20:13:53","modified_gmt":"2026-03-04T19:13:53","slug":"program","status":"publish","type":"page","link":"https:\/\/yapa.art.pl\/2025\/program\/","title":{"rendered":"Program"},"content":{"rendered":"\n<style type=\"text\/css\" data-created_by=\"avia_inline_auto\" id=\"style-css-av-ooa3-760984d5a2b33e7b67faa3d9403d11e2\">\n.avia-section.av-ooa3-760984d5a2b33e7b67faa3d9403d11e2 .av-parallax .av-parallax-inner{\nbackground-repeat:no-repeat;\nbackground-image:url(https:\/\/yapa.art.pl\/2025\/wp-content\/uploads\/2019\/01\/YAPA2018_KOMINIAK_ANETA_.jpg);\nbackground-position:50% 50%;\nbackground-attachment:scroll;\n}\n<\/style>\n<div id='av_section_1'  class='avia-section av-ooa3-760984d5a2b33e7b67faa3d9403d11e2 main_color avia-section-default avia-no-border-styling  avia-builder-el-0  el_before_av_heading  avia-builder-el-first  avia-full-stretch av-parallax-section avia-bg-style-parallax av-minimum-height av-minimum-height-50 av-height-50  container_wrap fullsize'  data-section-bg-repeat='stretch' data-av_minimum_height_pc='50' data-av_min_height_opt='50'><div class='av-parallax' data-avia-parallax-ratio='0.3' ><div class='av-parallax-inner main_color avia-full-stretch'><\/div><\/div><div class='container av-section-cont-open' ><main  role=\"main\" itemprop=\"mainContentOfPage\"  class='template-page content  av-content-full alpha units'><div class='post-entry post-entry-type-page post-entry-22'><div class='entry-content-wrapper clearfix'><\/div><\/div><\/main><!-- close content main element --><\/div><\/div><div id='after_section_1'  class='main_color av_default_container_wrap container_wrap fullsize'  ><div class='container av-section-cont-open' ><div class='template-page content  av-content-full alpha units'><div class='post-entry post-entry-type-page post-entry-22'><div class='entry-content-wrapper clearfix'>\n\n<div  id=\"avia-timeline-1\"  class='avia-timeline-container av-l0zw6ibk-90e15c7abc98bc44cac5331e622f1c02 av-slideshow-ui  avia-builder-el-2  el_after_av_heading  el_before_av_one_full ' ><ul class='avia-timeline avia-timeline-vertical av-milestone-placement-alternate avia-timeline- avia_animate_when_almost_visible avia-timeline-animate'>\n<li  class='av-milestone av-2nhaa-ec013d1f59bbc46072b80d7fc47ffff5 av-animated-generic fade-in av-milestone-valign-baseline av-milestone-odd'><h2 class='av-milestone-date ' id='milestone-piatek-14-marca-godz-1900' ><strong>Pi\u0105tek, 14 marca, godz. 19:00<span class='av-milestone-indicator'><\/span><\/strong><\/h2><div class=\"av-milestone-icon-wrap\"><span class='av-milestone-icon milestone_icon avia-font-entypo-fontello'><span class='av-milestone-icon-inner milestone_inner'><i class='milestone-char' aria-hidden='true' data-av_icon='\ue800' data-av_iconfont='entypo-fontello'><\/i><\/span><\/span><\/div><article class='av-milestone-content-wrap'><div class='av-milestone-contentbox'><header class=\"entry-content-header\" aria-label=\"Milestone: Koncert konkursowy\"><h4 class='av-milestone-title '>Koncert konkursowy<\/h4><\/header><div class='av-milestone-content'><p><em>Prowadzenie: Grzegorz Makowski, Laura Janowska<\/em><\/p>\n<p>Grupa na Swoim<\/p>\n<p>Olek Grotowski i go\u015bcie &#8211; wspomnienie Ma\u0142gosi Zwierzchowskiej<\/p>\n<p>Na Bani<\/p>\n<p>Janusz Str\u0105kowski<\/p>\n<p>Wykonawcy konkursowi &#8211; Empatii, Chrzan, Pod pr\u0105d, Na poddaszu, Trzecia Mi\u0142o\u015b\u0107, Sebastian Kubiak, Pod kocykiem, Projekt Laureaci<\/p>\n<p>S\u0142odki Ca\u0142us od Buby<\/p>\n<\/div><\/div><footer class='av-milestone-article-footer entry-footer'><\/footer><\/article><\/li>\n<li  class='av-milestone av-25vvi-8ea443c6168beb57a6f0e7dd0b5fca7c av-animated-generic fade-in av-milestone-valign-baseline av-milestone-even'><h2 class='av-milestone-date ' id='milestone-sobota-15-marca-godz-1200' ><strong>Sobota, 15 marca, godz. 12:00<span class='av-milestone-indicator'><\/span><\/strong><\/h2><article class='av-milestone-content-wrap'><div class='av-milestone-contentbox'><header class=\"entry-content-header\" aria-label=\"Milestone: Koncert konkursowy\"><h4 class='av-milestone-title '>Koncert konkursowy<\/h4><\/header><div class='av-milestone-content'><p><em>Prowadzenie: Grzegorz Makowski<\/em><\/p>\n<p>Wykonawcy konkursowi &#8211; Po s\u0142owie, Grupa Elore, Hamak, 4razywroku, S\u0142owo daj\u0119, Ostatni Sojusz Ludzi i Elf\u00f3w, Ta jedna chwila, Szumi\u0142\u0105ka, Wci\u00f3rno\u015bci, Marta i Tomek<\/p>\n<\/div><\/div><footer class='av-milestone-article-footer entry-footer'><\/footer><\/article><div class=\"av-milestone-icon-wrap\"><span class='av-milestone-icon milestone_icon avia-font-entypo-fontello'><span class='av-milestone-icon-inner milestone_inner'><i class='milestone-char' aria-hidden='true' data-av_icon='\ue801' data-av_iconfont='entypo-fontello'><\/i><\/span><\/span><\/div><h2 class='av-milestone-date ' id='milestone-sobota-15-marca-godz-1200' ><strong>Sobota, 15 marca, godz. 12:00<span class='av-milestone-indicator'><\/span><\/strong><\/h2><\/li>\n<li  class='av-milestone av-y1se-b7e8caea66356b70adc88dff41a4a492 av-animated-generic fade-in av-milestone-valign-baseline av-milestone-odd'><h2 class='av-milestone-date ' id='milestone-sobota-15-marca-godz-1900' ><strong>Sobota, 15 marca, godz. 19:00<span class='av-milestone-indicator'><\/span><\/strong><\/h2><div class=\"av-milestone-icon-wrap\"><span class='av-milestone-icon milestone_icon avia-font-entypo-fontello'><span class='av-milestone-icon-inner milestone_inner'><i class='milestone-char' aria-hidden='true' data-av_icon='\ue808' data-av_iconfont='entypo-fontello'><\/i><\/span><\/span><\/div><article class='av-milestone-content-wrap'><div class='av-milestone-contentbox'><header class=\"entry-content-header\" aria-label=\"Milestone: Koncert Gwiazd\"><h4 class='av-milestone-title '>Koncert Gwiazd<\/h4><\/header><div class='av-milestone-content'><p><em>Prowadzenie: \u0141ukasz Przywara, Ryszard Gawro\u0144ski, <\/em><em>Bart\u0142omiej Zgorzelski, Maciej Trojanowski<\/em><\/p>\n<p>Przedwiecz\u00f3r<\/p>\n<p>Sekcja Muzyczna Ko\u0142\u0142\u0105tajowskiej Ku\u017ani Prawdziwych M\u0119\u017cczyzn<\/p>\n<p>Bez Jacka<\/p>\n<p>Dom o Zielonych Progach<\/p>\n<p>\u0141ukasz Nowak i Przyjaciele &#8211; wspomnienie Andrzeja Koczewskiego<\/p>\n<p>Micha\u0142 \u0141angowski i Przyjaciele<\/p>\n<p>Marek, Micha\u0142 i Mateusz Andrzejewscy<\/p>\n<p>Ku\u015bka Brothers<\/p>\n<\/div><\/div><footer class='av-milestone-article-footer entry-footer'><\/footer><\/article><\/li>\n<li  class='av-milestone av-37iy-4c842807f6d400e24a700c6772400124 av-animated-generic fade-in av-milestone-valign-baseline av-milestone-even'><h2 class='av-milestone-date ' id='milestone-niedziela-16-marca-godz-1300' ><strong>Niedziela, 16 marca, godz. 13:00<span class='av-milestone-indicator'><\/span><\/strong><\/h2><article class='av-milestone-content-wrap'><div class='av-milestone-contentbox'><header class=\"entry-content-header\" aria-label=\"Milestone: Koncert Laureat\u00f3w\"><h4 class='av-milestone-title '>Koncert Laureat\u00f3w<\/h4><\/header><div class='av-milestone-content'><p><em>Prowadzenie: Micha\u0142 Marchlewski<\/em><\/p>\n<p>Browar \u017bywiec<\/p>\n<p>Smak Jab\u0142ka<\/p>\n<p>Laureaci<\/p>\n<p>Pawe\u0142 Orkisz<\/p>\n<\/div><\/div><footer class='av-milestone-article-footer entry-footer'><\/footer><\/article><div class=\"av-milestone-icon-wrap\"><span class='av-milestone-icon milestone_icon avia-font-entypo-fontello'><span class='av-milestone-icon-inner milestone_inner'><i class='milestone-char' aria-hidden='true' data-av_icon='\ue8a8' data-av_iconfont='entypo-fontello'><\/i><\/span><\/span><\/div><h2 class='av-milestone-date ' id='milestone-niedziela-16-marca-godz-1300' ><strong>Niedziela, 16 marca, godz. 13:00<span class='av-milestone-indicator'><\/span><\/strong><\/h2><\/li>\n<\/ul><\/div>\n\n<style type=\"text\/css\" data-created_by=\"avia_inline_auto\" id=\"style-css-av-27b9i-4b197a3f74e1ff20aa01e6d802a1e904\">\n.flex_column.av-27b9i-4b197a3f74e1ff20aa01e6d802a1e904{\nborder-radius:0px 0px 0px 0px;\npadding:0px 0px 0px 0px;\n}\n<\/style>\n<div  class='flex_column av-27b9i-4b197a3f74e1ff20aa01e6d802a1e904 av_one_full  avia-builder-el-3  el_after_av_timeline  el_before_av_one_full  first flex_column_div av-zero-column-padding  '     ><\/div>\n\n<style type=\"text\/css\" data-created_by=\"avia_inline_auto\" id=\"style-css-av-53i6-98d897ad51e6549b9a65fd2326b40e14\">\n.flex_column.av-53i6-98d897ad51e6549b9a65fd2326b40e14{\nborder-radius:0px 0px 0px 0px;\npadding:0px 0px 0px 0px;\n}\n<\/style>\n<div  class='flex_column av-53i6-98d897ad51e6549b9a65fd2326b40e14 av_one_full  avia-builder-el-4  el_after_av_one_full  el_before_av_one_full  first flex_column_div av-zero-column-padding  column-top-margin'     ><\/div>\n\n<style type=\"text\/css\" data-created_by=\"avia_inline_auto\" id=\"style-css-av-pkp2-29326263a8865daf42749a28749ffd5b\">\n.flex_column.av-pkp2-29326263a8865daf42749a28749ffd5b{\nborder-radius:0px 0px 0px 0px;\npadding:0px 0px 0px 0px;\n}\n<\/style>\n<div  class='flex_column av-pkp2-29326263a8865daf42749a28749ffd5b av_one_full  avia-builder-el-5  el_after_av_one_full  avia-builder-el-last  first flex_column_div av-zero-column-padding  column-top-margin'     ><\/div>\n","protected":false},"excerpt":{"rendered":"","protected":false},"author":1,"featured_media":4524,"parent":0,"menu_order":0,"comment_status":"closed","ping_status":"closed","template":"","meta":{"footnotes":""},"class_list":["post-22","page","type-page","status-publish","has-post-thumbnail","hentry"],"_links":{"self":[{"href":"https:\/\/yapa.art.pl\/2025\/wp-json\/wp\/v2\/pages\/22","targetHints":{"allow":["GET"]}}],"collection":[{"href":"https:\/\/yapa.art.pl\/2025\/wp-json\/wp\/v2\/pages"}],"about":[{"href":"https:\/\/yapa.art.pl\/2025\/wp-json\/wp\/v2\/types\/page"}],"author":[{"embeddable":true,"href":"https:\/\/yapa.art.pl\/2025\/wp-json\/wp\/v2\/users\/1"}],"replies":[{"embeddable":true,"href":"https:\/\/yapa.art.pl\/2025\/wp-json\/wp\/v2\/comments?post=22"}],"version-history":[{"count":130,"href":"https:\/\/yapa.art.pl\/2025\/wp-json\/wp\/v2\/pages\/22\/revisions"}],"predecessor-version":[{"id":5953,"href":"https:\/\/yapa.art.pl\/2025\/wp-json\/wp\/v2\/pages\/22\/revisions\/5953"}],"wp:featuredmedia":[{"embeddable":true,"href":"https:\/\/yapa.art.pl\/2025\/wp-json\/wp\/v2\/media\/4524"}],"wp:attachment":[{"href":"https:\/\/yapa.art.pl\/2025\/wp-json\/wp\/v2\/media?parent=22"}],"curies":[{"name":"wp","href":"https:\/\/api.w.org\/{rel}","templated":true}]}}