{"id":4623,"date":"2024-02-22T16:10:32","date_gmt":"2024-02-22T15:10:32","guid":{"rendered":"http:\/\/yapa.art.pl\/2024\/?page_id=4623"},"modified":"2025-03-03T15:24:11","modified_gmt":"2025-03-03T14:24:11","slug":"noclegi-2","status":"publish","type":"page","link":"https:\/\/yapa.art.pl\/2025\/noclegi-2\/","title":{"rendered":"Noclegi"},"content":{"rendered":"<div dir=\"auto\">UWAGA UWAGA! Mamy ju\u017c komplet. Do czwartku (6 marca) czekamy jeszcze na potwierdzenie dokonanych rezerwacji i mo\u017ce co\u015b si\u0119 zwolni. Ale p\u00f3ki co Wasze zg\u0142oszenia b\u0119d\u0105 trafia\u0107 na list\u0119 rezerwow\u0105.<\/div>\n<div dir=\"auto\">&#x1f320;&#x1f320;&#x1f320;<\/div>\n<div dir=\"auto\">Je\u015bli planujesz przyjazd na Yap\u0119, ale nie masz gdzie przenocowa\u0107, to \u017caden problem. Organizatorzy oferuj\u0105 noclegi w warunkach turystycznych, w sali gimnastycznej w jednej z \u0142\u00f3dzkich szk\u00f3\u0142, niedaleko koncert\u00f3w. Wystarczy zabra\u0107 ze sob\u0105 karimat\u0119 i \u015bpiw\u00f3r. \u017beby zarezerwowa\u0107 nocleg wy\u015blij wiadomo\u015b\u0107 na noclegi@yapa.art.pl podaj\u0105c swoje imi\u0119, nazwisko, adres i numer telefonu oraz napisz kiedy planujesz przyjecha\u0107 i poczekaj na odpowied\u017a z potwierdzeniem.<\/div>\n<div dir=\"auto\">W dniu rozpocz\u0119cia Yapy b\u0119dzie mo\u017cna zg\u0142osi\u0107 si\u0119 do biura Nocleg\u00f3w i odebra\u0107 karty noclegowe.<\/div>\n<div dir=\"auto\">Pami\u0119taj, \u017ce aby odebra\u0107 karty noclegowe musisz posiada\u0107 karnet na Yap\u0119!<\/div>\n<div dir=\"auto\"><\/div>\n<div class='avia-iframe-wrap'><iframe loading=\"lazy\" title=\"Cisza Jak Ta - W naszym niebie @ YAPA 2013\" width=\"1500\" height=\"844\" src=\"https:\/\/www.youtube.com\/embed\/-UXfp0DPUd4?feature=oembed\" frameborder=\"0\" allow=\"accelerometer; autoplay; clipboard-write; encrypted-media; gyroscope; picture-in-picture; web-share\" referrerpolicy=\"strict-origin-when-cross-origin\" allowfullscreen><\/iframe><\/div>\n","protected":false},"excerpt":{"rendered":"<p>UWAGA UWAGA! Mamy ju\u017c komplet. Do czwartku (6 marca) czekamy jeszcze na potwierdzenie dokonanych rezerwacji i mo\u017ce co\u015b si\u0119 zwolni. Ale p\u00f3ki co Wasze zg\u0142oszenia b\u0119d\u0105 trafia\u0107 na list\u0119 rezerwow\u0105. &#x1f320;&#x1f320;&#x1f320; Je\u015bli planujesz przyjazd na Yap\u0119, ale nie masz gdzie przenocowa\u0107, to \u017caden problem. Organizatorzy oferuj\u0105 noclegi w warunkach turystycznych, w sali gimnastycznej w jednej [&hellip;]<\/p>\n","protected":false},"author":3,"featured_media":0,"parent":0,"menu_order":0,"comment_status":"closed","ping_status":"closed","template":"","meta":{"footnotes":""},"class_list":["post-4623","page","type-page","status-publish","hentry"],"_links":{"self":[{"href":"https:\/\/yapa.art.pl\/2025\/wp-json\/wp\/v2\/pages\/4623","targetHints":{"allow":["GET"]}}],"collection":[{"href":"https:\/\/yapa.art.pl\/2025\/wp-json\/wp\/v2\/pages"}],"about":[{"href":"https:\/\/yapa.art.pl\/2025\/wp-json\/wp\/v2\/types\/page"}],"author":[{"embeddable":true,"href":"https:\/\/yapa.art.pl\/2025\/wp-json\/wp\/v2\/users\/3"}],"replies":[{"embeddable":true,"href":"https:\/\/yapa.art.pl\/2025\/wp-json\/wp\/v2\/comments?post=4623"}],"version-history":[{"count":7,"href":"https:\/\/yapa.art.pl\/2025\/wp-json\/wp\/v2\/pages\/4623\/revisions"}],"predecessor-version":[{"id":5575,"href":"https:\/\/yapa.art.pl\/2025\/wp-json\/wp\/v2\/pages\/4623\/revisions\/5575"}],"wp:attachment":[{"href":"https:\/\/yapa.art.pl\/2025\/wp-json\/wp\/v2\/media?parent=4623"}],"curies":[{"name":"wp","href":"https:\/\/api.w.org\/{rel}","templated":true}]}}