{"id":780,"date":"2019-02-26T17:17:57","date_gmt":"2019-02-26T17:17:57","guid":{"rendered":"http:\/\/yapa.art.pl\/2019\/?page_id=780"},"modified":"2025-02-24T19:16:16","modified_gmt":"2025-02-24T18:16:16","slug":"regulamin","status":"publish","type":"page","link":"https:\/\/yapa.art.pl\/2025\/regulamin\/","title":{"rendered":"Regulamin"},"content":{"rendered":"\n<style type=\"text\/css\" data-created_by=\"avia_inline_auto\" id=\"style-css-av-ooa3-3b22e087bfa94c88ec6e333275ae4833\">\n.avia-section.av-ooa3-3b22e087bfa94c88ec6e333275ae4833 .av-parallax .av-parallax-inner{\nbackground-repeat:no-repeat;\nbackground-image:url(https:\/\/yapa.art.pl\/2025\/wp-content\/uploads\/2019\/02\/DSC04018.jpg);\nbackground-position:50% 50%;\nbackground-attachment:scroll;\n}\n<\/style>\n<div id='av_section_1'  class='avia-section av-ooa3-3b22e087bfa94c88ec6e333275ae4833 main_color avia-section-default avia-no-border-styling  avia-builder-el-0  el_before_av_heading  avia-builder-el-first  avia-full-stretch av-parallax-section avia-bg-style-parallax av-minimum-height av-minimum-height-50 av-height-50  container_wrap fullsize'  data-section-bg-repeat='stretch' data-av_minimum_height_pc='50' data-av_min_height_opt='50'><div class='av-parallax' data-avia-parallax-ratio='0.3' ><div class='av-parallax-inner main_color avia-full-stretch'><\/div><\/div><div class='container av-section-cont-open' ><main  role=\"main\" itemprop=\"mainContentOfPage\"  class='template-page content  av-content-full alpha units'><div class='post-entry post-entry-type-page post-entry-780'><div class='entry-content-wrapper clearfix'><\/div><\/div><\/main><!-- close content main element --><\/div><\/div><div id='after_section_1'  class='main_color av_default_container_wrap container_wrap fullsize'  ><div class='container av-section-cont-open' ><div class='template-page content  av-content-full alpha units'><div class='post-entry post-entry-type-page post-entry-780'><div class='entry-content-wrapper clearfix'>\n\n<style type=\"text\/css\" data-created_by=\"avia_inline_auto\" id=\"style-css-av-m67u4kap-550f340c66ca8dcec09bdfd1c02eef98\">\n#top .av-special-heading.av-m67u4kap-550f340c66ca8dcec09bdfd1c02eef98{\npadding-bottom:10px;\n}\nbody .av-special-heading.av-m67u4kap-550f340c66ca8dcec09bdfd1c02eef98 .av-special-heading-tag .heading-char{\nfont-size:25px;\n}\n.av-special-heading.av-m67u4kap-550f340c66ca8dcec09bdfd1c02eef98 .av-subheading{\nfont-size:15px;\n}\n<\/style>\n<div  class='av-special-heading av-m67u4kap-550f340c66ca8dcec09bdfd1c02eef98 av-special-heading-h1  avia-builder-el-1  el_after_av_section  el_before_av_textblock  avia-builder-el-first '><h1 class='av-special-heading-tag '  itemprop=\"headline\"  >REGULAMIN 50. OSPPT YAPA 2025<\/h1><div class=\"special-heading-border\"><div class=\"special-heading-inner-border\"><\/div><\/div><\/div>\n<section  class='av_textblock_section av-jsm0s132-65175ef4d82dda5fb873dadf45f72d4e '   itemscope=\"itemscope\" itemtype=\"https:\/\/schema.org\/CreativeWork\" ><div class='avia_textblock'  itemprop=\"text\" ><h3><b>I<\/b><\/h3>\n<p><span style=\"font-weight: 400;\">1. Niniejszy regulamin (zwany dalej \u201eRegulaminem\u201d) zosta\u0142 wydany przez organizatora Imprezy:\u00a0<\/span><span style=\"font-weight: 400;\"><strong>Studencki Klub Turystyczny P\u0141azik<\/strong>,\u00a0<\/span><span style=\"font-weight: 400;\">zwanego dalej \u201e<strong>Organizatorem<\/strong>\u201d.<\/span><\/p>\n<p><span style=\"font-weight: 400;\">Szczeg\u00f3\u0142owy harmonogram Imprezy przedstawia si\u0119 nast\u0119puj\u0105co:<\/span><\/p>\n<p><span style=\"font-weight: 400;\">14.03.2025 r.<br \/>\nGodz. 18:00 \u2013 otwarcie wej\u015b\u0107 dla publiczno\u015bci.<br \/>\n<\/span><span style=\"font-weight: 400;\">Godz. 19:00 \u2013 02:00 \u2013 koncert konkursowy <\/span><span style=\"font-weight: 400;\">(wst\u0119p\u00a0<\/span><span style=\"font-weight: 400;\">biletowany).<br \/>\n<\/span><span style=\"font-weight: 400;\">Godz. 02:00 \u2013 06:00 \u2013 opuszczenie terenu imprezy przez publiczno\u015b\u0107, zamkni\u0119cie wej\u015b\u0107.<\/span><\/p>\n<p><span style=\"font-weight: 400;\">15.03.2025 r.<br \/>\n<\/span><span style=\"font-weight: 400;\">Godz. 12:00, Koncert konkursowy sobota, (wst\u0119p biletowany),<br \/>\n<\/span><span style=\"font-weight: 400;\">Godz. 18:00 \u2013 otwarcie wej\u015b\u0107 dla publiczno\u015bci.<br \/>\n<\/span><span style=\"font-weight: 400;\">Godz. 19:00 \u2013 02:00 \u2013 koncert gwiazd <\/span><span style=\"font-weight: 400;\">(wst\u0119p biletowany).<br \/>\n<\/span><span style=\"font-weight: 400;\">Godz. 02:00-06:00 &#8211; opuszczenie terenu imprezy przez publiczno\u015b\u0107, zamkni\u0119cie wej\u015b\u0107.<\/span><\/p>\n<p><span style=\"font-weight: 400;\">16.03.2025 r.<br \/>\nGodz. <\/span><span style=\"font-weight: 400;\">godz. 13:00, Koncert laureat\u00f3w (wst\u0119p biletowany).<\/span><\/p>\n<p><span style=\"font-weight: 400;\">Koncerty odb\u0119d\u0105 si\u0119 w <strong>Akademickim Centrum Sportowo-Dydaktycznym Politechniki \u0141\u00f3dzkiej ZATOKA SPORTU<\/strong>, Al. Politechniki 10 w \u0141odzi.<\/span><\/p>\n<p>1. Przez kupno biletu, zwanego dalej karnetem, osoba b\u0119d\u0105ca na Imprezie potwierdza znajomo\u015b\u0107 tego Regulaminu i zgadza si\u0119 z jego zasadami.<br \/>\n2. Regulamin kierowany jest do wszystkich os\u00f3b, kt\u00f3re w czasie trwania Imprezy b\u0119d\u0105 przebywa\u0142y na terenie, na kt\u00f3rym przeprowadzana jest Impreza. Ka\u017cda osoba przebywaj\u0105ca na tym terenie w czasie trwania Imprezy obowi\u0105zana jest stosowa\u0107 si\u0119 do postanowie\u0144 niniejszego Regulaminu.<br \/>\n3. Celem Regulaminu jest zapewnienie bezpiecze\u0144stwa Imprezy poprzez okre\u015blenie zasad zachowania si\u0119 os\u00f3b obecnych na Imprezie i korzystania przez nie z terenu, na kt\u00f3rym przeprowadzona jest Impreza, a tak\u017ce urz\u0105dze\u0144 znajduj\u0105cych si\u0119 na nim.<br \/>\n<span style=\"font-weight: 400;\">4. Poni\u017csze okre\u015blenia u\u017cywane w Regulaminie b\u0119d\u0105 mia\u0142y nast\u0119puj\u0105ce znaczenie:<\/span><\/p>\n<p><span style=\"font-weight: 400;\">\u201e<strong>S\u0142u\u017cby Porz\u0105dkowe<\/strong>\u201d i \u201e<strong>S\u0142u\u017cby Informacyjne<\/strong>\u201d oznacza powo\u0142ane przez Organizatora osoby, w tym pracownik\u00f3w agencji ochrony mienia, legitymuj\u0105cych si\u0119 identyfikatorem, do dbania o bezpiecze\u0144stwo os\u00f3b uczestnicz\u0105cych w Imprezie. Cz\u0142onkowie S\u0142u\u017cb Porz\u0105dkowych i Informacyjnych posiadaj\u0105 identyfikatory umieszczone w widocznym miejscu zawieraj\u0105ce fotografi\u0119, oraz numer identyfikuj\u0105cy Cz\u0142onka S\u0142u\u017cb Porz\u0105dkowych i Informacyjnych.<\/span><\/p>\n<p><span style=\"font-weight: 400;\">\u201e<strong>Teren Imprezy<\/strong>\u201d oznacza wyznaczony fragment Zatoki Sportu, na kt\u00f3rym przeprowadzana jest Impreza, tj. hala sportowa.<\/span><\/p>\n<p><span style=\"font-weight: 400;\">\u201e<strong>Uczestnik Imprezy<\/strong>\u201d oznacza osob\u0119 uczestnicz\u0105c\u0105 w Imprezie.<\/span><\/p>\n<h3><b>II<\/b><\/h3>\n<p>1. Wst\u0119p na teren imprezy przys\u0142uguje wszystkim osobom posiadaj\u0105cym karnet, zaproszenie b\u0105d\u017a identyfikator. Na podstawie kodu QR, przes\u0142anego po zakupie karnetu, zaproszenia lub identyfikatora zostanie wydana &#8222;opaska&#8221;, uprawniaj\u0105ca do wchodzenia na teren imprezy na wszystkie koncerty.<br \/>\n2. Wst\u0119p na teren Imprezy przys\u0142uguje wszystkim osobom posiadaj\u0105cym karnet, zaproszenie b\u0105d\u017a identyfikator. Przy pierwszym wej\u015bciu na poszczeg\u00f3lne koncerty odrywana b\u0119dzie cz\u0119\u015b\u0107 karnetu i wymieniana na \u201eopask\u0119\u201d uprawniaj\u0105c\u0105 do wychodzenia i wchodzenia na teren imprezy za jej okazaniem.<br \/>\n3. Uczestnik imprezy jest zobowi\u0105zany do noszenia opaski podczas trwania ca\u0142ego festiwalu \u2013 na jej podstawie ma prawo uczestniczenia w koncertach.<br \/>\n4. Organizator nie ponosi odpowiedzialno\u015bci za zerwanie lub zgubienie opaski. W takich przypadkach nie b\u0119d\u0105 one wymieniane na nowe.<br \/>\n5. Podczas trwania Imprezy obowi\u0105zuj\u0105 dwa rodzaje opasek.<br \/>\n6. Na terenie imprezy mo\u017ce znajdowa\u0107 si\u0119 1000 os\u00f3b.<br \/>\n7. Zabrania si\u0119 wnoszenia na teren imprezy i posiadania w trakcie Imprezy:<br \/>\n<span style=\"font-weight: 400;\">&#8211; broni lub innych niebezpiecznych przedmiot\u00f3w,<br \/>\n<\/span><span style=\"font-weight: 400;\">&#8211; materia\u0142\u00f3w wybuchowych,<br \/>\n<\/span><span style=\"font-weight: 400;\">&#8211; wyrob\u00f3w pirotechnicznych,<br \/>\n<\/span><span style=\"font-weight: 400;\">&#8211; materia\u0142\u00f3w po\u017carowo niebezpiecznych,<br \/>\n<\/span><span style=\"font-weight: 400;\">&#8211; napoj\u00f3w alkoholowych,<br \/>\n<\/span><span style=\"font-weight: 400;\">&#8211; \u015brodk\u00f3w odurzaj\u0105cych lub substancji psychotropowych,<br \/>\n<\/span><span style=\"font-weight: 400;\">&#8211; szklanych butelek,<br \/>\n<\/span><span style=\"font-weight: 400;\">&#8211; napoj\u00f3w bezalkoholowych o pojemno\u015bci wi\u0119kszej ni\u017c 0,5 l,<br \/>\n<\/span>8. Ponadto zakazuje si\u0119:<br \/>\n&#8211; wprowadzania zwierz\u0105t na Teren Imprezy przez Uczestnik\u00f3w Imprezy<br \/>\n&#8211; prowadzenia bez autoryzacji Organizatora jakiejkolwiek dzia\u0142alno\u015bci handlowej lub innej zarobkowej na terenie Imprezy.<br \/>\n9. Zabronione jest tarasowanie i zastawianie w jakikolwiek spos\u00f3b wyj\u015b\u0107 i dr\u00f3g ewakuacyjnych, dr\u00f3g dojazdowych dla s\u0142u\u017cb ratowniczych oraz hydrant\u00f3w i innych urz\u0105dze\u0144 niezb\u0119dnych w przypadku prowadzenia akcji ratowniczej lub ga\u015bniczej.<br \/>\n10. Organizator Imprezy odm\u00f3wi wst\u0119pu na Imprez\u0119 oraz przebywania na niej osobom:<br \/>\n<span style=\"font-weight: 400;\">a) znajduj\u0105cym si\u0119 pod widocznym wp\u0142ywem alkoholu, \u015brodk\u00f3w odurzaj\u0105cych, psychotropowych lub innych podobnie dzia\u0142aj\u0105cych \u015brodk\u00f3w,<br \/>\n<\/span><span style=\"font-weight: 400;\">b) posiadaj\u0105cym bro\u0144 lub inne niebezpieczne przedmioty, materia\u0142y, wyroby, napoje, \u015brodki lub substancje,<br \/>\n<\/span><span style=\"font-weight: 400;\">c) zachowuj\u0105cych si\u0119 agresywnie, prowokacyjnie albo w inny spos\u00f3b stwarzaj\u0105cym zagro\u017cenie bezpiecze\u0144stwa lub porz\u0105dku Imprezy.<br \/>\n<\/span><span style=\"font-weight: 400;\">d) w ubiorze z identyfikacj\u0105 klub\u00f3w sportowych \u2013 pi\u0142karskich.<br \/>\n<\/span>11. Osoby znajduj\u0105ce si\u0119 na Imprezie, kt\u00f3re dopuszcza\u0107 si\u0119 b\u0119d\u0105 zak\u0142\u00f3cenia porz\u0105dku, stwarza\u0107 zagro\u017cenie dla innych uczestnik\u00f3w Imprezy, narusza\u0107 dobre obyczaje lub kt\u00f3re wnios\u0105 wbrew zakazowi przedmioty zakazane, albo nie b\u0119d\u0105 przestrzega\u0107 regulaminu b\u0119d\u0105 usuni\u0119te z Imprezy.<br \/>\n12. W przypadku zaistnienia podejrzenia pope\u0142nienia przest\u0119pstwa, a w szczeg\u00f3lno\u015bci stwierdzenia w zawarto\u015bci przegl\u0105danego baga\u017cu lub przegl\u0105danej odzie\u017cy osoby uczestnicz\u0105cej w imprezie masowej broni lub innych niebezpiecznych przedmiot\u00f3w, materia\u0142\u00f3w wybuchowych, wyrob\u00f3w pirotechnicznych, materia\u0142\u00f3w po\u017carowo niebezpiecznych, napoj\u00f3w alkoholowych, \u015brodk\u00f3w odurzaj\u0105cych lub substancji psychotropowych, cz\u0142onek s\u0142u\u017cby porz\u0105dkowej lub cz\u0142onek s\u0142u\u017cby informacyjnej dokonuje uj\u0119cia osoby, u kt\u00f3rej w zawarto\u015bci przegl\u0105danego baga\u017cu lub przegl\u0105danej odzie\u017cy stwierdzono te przedmioty, i po ich odebraniu sporz\u0105dza notatk\u0119 z tej czynno\u015bci, a nast\u0119pnie przekazuje t\u0119 osob\u0119 Policji wraz z odebranymi przedmiotami.<br \/>\n13. Uczestnicy Imprezy oraz wszystkie inne osoby, kt\u00f3re znajduj\u0105 si\u0119 na Terenie Imprezy zobowi\u0105zane s\u0105 stosowa\u0107 si\u0119 do polece\u0144 S\u0142u\u017cb Porz\u0105dkowych i Informacyjnych, w tym kierownika ds. bezpiecze\u0144stwa. Odmowa zastosowania si\u0119 do tych polece\u0144 mo\u017ce wynika\u0107 wy\u0142\u0105cznie z uwagi na ich sprzeczno\u015b\u0107 z powszechnie obowi\u0105zuj\u0105cymi przepisami prawa.<br \/>\n14. Osoby ma\u0142oletnie uczestnicz\u0105 w Imprezie na wy\u0142\u0105czn\u0105 odpowiedzialno\u015b\u0107 os\u00f3b, kt\u00f3re sprawuj\u0105 nad nimi piecz\u0119.<\/p>\n<h3><b>III<\/b><\/h3>\n<p><span style=\"font-weight: 400;\">1. Organizator zapewnia bezpiecze\u0144stwo osobom obecnym na Imprezie oraz porz\u0105dek podczas trwania Imprezy, poprzez m.in.:<br \/>\n<\/span><span style=\"font-weight: 400;\">a) S\u0142u\u017cby Porz\u0105dkowe i S\u0142u\u017cby Informacyjne wyr\u00f3\u017cniaj\u0105ce si\u0119 elementami ubioru;<br \/>\n<\/span><span style=\"font-weight: 400;\">b) powo\u0142anie kierownika do spraw bezpiecze\u0144stwa, kieruj\u0105cego S\u0142u\u017cbami Porz\u0105dkowymi i Informacyjnymi i organizuj\u0105cego ich prac\u0119;<br \/>\n<\/span>2. Organizator utrwala przebieg Imprezy dla cel\u00f3w dokumentacji oraz promocji\u00a0<span style=\"font-weight: 400;\">lub reklamy Imprezy i imprez w przysz\u0142ych latach, Organizatora oraz sponsor\u00f3w.<br \/>\n<\/span><span style=\"font-weight: 400;\">Wizerunek os\u00f3b przebywaj\u0105cych na Terenie Imprezy mo\u017ce zosta\u0107 utrwalony, a nast\u0119pnie rozpowszechniony dla cel\u00f3w dokumentacyjnych, sprawozdawczych, reklamowych oraz promocyjnych.<br \/>\n<\/span>3. Organizator wyznacza strefy podzia\u0142u Imprezy:<br \/>\n<span style=\"font-weight: 400;\">&#8211; Zaplecze techniczno\u00a0 socjalne,<br \/>\n<\/span><span style=\"font-weight: 400;\">&#8211; Widownia\u00a0 miejsca stoj\u0105ce i siedz\u0105ce,<br \/>\n&#8211;\u00a0<\/span><span style=\"font-weight: 400;\">Punkty sta\u0142ego zabezpieczenia przez s\u0142u\u017cby ochronne.<br \/>\n<\/span>4. Organizator zapewnia zabezpieczenia przeciwpo\u017carowe poprzez zapewnienie, \u017ce:<br \/>\n<span style=\"font-weight: 400;\">a) pracownicy obs\u0142ugi, S\u0142u\u017cy Porz\u0105dkowe, Informacyjne i Organizator musz\u0105 zna\u0107 rozmieszczenie podr\u0119cznego sprz\u0119tu ga\u015bniczego i hydrant\u00f3w oraz zasady post\u0119powania na wypadek po\u017caru;<br \/>\n<\/span><span style=\"font-weight: 400;\">b) S\u0142u\u017cby Porz\u0105dkowe i Informacyjne musz\u0105 by\u0107 przeszkolone w zakresie zasad prowadzenia ewakuacji, sposobu alarmowania stra\u017cy po\u017carnej, zasad u\u017cycia podr\u0119cznego sprz\u0119tu ga\u015bniczego, udzielania pierwszej pomocy medycznej.<br \/>\n<\/span>5. Organizator zastrzega sobie prawo ustalenia i zmian w przebiegu Imprezy z uzasadnionych powod\u00f3w, np. odwo\u0142anie przyjazdu przez artyst\u0119, Si\u0142a Wy\u017csza,\u00a0<span style=\"font-weight: 400;\">itp., a ponadto prawo do ustalenia i zmiany programu pod wzgl\u0119dem artystycznym i czasowym bez uprzedniej konsultacji i rekompensaty.<br \/>\n<\/span>6. Organizator zastrzega sobie prawo do odwo\u0142ania Imprezy bez wcze\u015bniejszego uprzedzenia i nie b\u0119dzie zobowi\u0105zany do \u017cadnej rekompensaty z tego tytu\u0142u.<\/p>\n<h3><b>IV<\/b><\/h3>\n<p><span style=\"font-weight: 400;\">1. S\u0142u\u017cby porz\u0105dkowe i informacyjne, legitymuj\u0105ce si\u0119 identyfikatorem umieszczonym w widocznym miejscu, s\u0105 uprawnione do:<br \/>\n<\/span><span style=\"font-weight: 400;\">a) sprawdzania uprawnie\u0144 do przebywania na Imprezie;<br \/>\n<\/span><span style=\"font-weight: 400;\">b) legitymowania os\u00f3b w celu ustalenia ich to\u017csamo\u015bci;<br \/>\n<\/span><span style=\"font-weight: 400;\">c) przegl\u0105dania zawarto\u015bci baga\u017cy, odzie\u017cy os\u00f3b, w przypadku podejrzenia, \u017ce osoby te wnosz\u0105 lub posiadaj\u0105 niebezpieczne przedmioty;<br \/>\n<\/span><span style=\"font-weight: 400;\">d) wydawania polece\u0144 porz\u0105dkowym osobom zak\u0142\u00f3caj\u0105cym porz\u0105dek publiczny lub zachowuj\u0105cym si\u0119 niezgodnie z regulaminem Imprezy, a w przypadku niewykonania takich polece\u0144\u00a0 wezwania ich do opuszczenia Imprezy;<br \/>\n<\/span><span style=\"font-weight: 400;\">e) w przypadkach, o kt\u00f3rych mowa w art. 11 pkt 1 i 2 ustawy z dnia 24 maja 2013 r. o \u015brodkach przymusu bezpo\u015bredniego i broni palnej, tj. wyegzekwowania wymaganego prawem zachowania zgodnie z wydanym przez uprawnionego poleceniem i odparcia bezpo\u015bredniego, bezprawnego zamachu na \u017cycie, zdrowie lub wolno\u015b\u0107 uprawnionego lub innej osoby, s\u0142u\u017cby porz\u0105dkowe mog\u0105 u\u017cy\u0107 \u015brodk\u00f3w przymusu bezpo\u015bredniego, o kt\u00f3rych mowa w art. 12 ust. 1 pkt 1 lit. a i b, pkt 2 lit. a i pkt 12 lit. a tej ustawy, tj. si\u0142y fizycznej w postaci technik transportowych i obrony, kajdanek\u00a0 zak\u0142adanych na r\u0119ce i chemicznych \u015brodk\u00f3w obezw\u0142adniaj\u0105cych w postaci r\u0119cznych miotaczy substancji obezw\u0142adniaj\u0105cych.<br \/>\n<\/span><span style=\"font-weight: 400;\">f) uj\u0119cia, w celu niezw\u0142ocznego przekazania Policji, os\u00f3b stwarzaj\u0105cych bezpo\u015brednie zagro\u017cenie dla \u017cycia lub zdrowia ludzkiego, a tak\u017ce ochronionego mienia.<br \/>\n<\/span>2. Osoby, o kt\u00f3rych mowa w ppkt. f, je\u017celi czynem swoim wyczerpi\u0105 znamiona czynu zabronionego, ponosz\u0105 konsekwencje przewidziane przepisami prawa.<br \/>\n3. S\u0142u\u017cby Porz\u0105dkowe i Informacyjne mog\u0105 wydawa\u0107 w\u0142asne instrukcje bezpiecze\u0144stwa oraz p. po\u017c. zgodnie z obowi\u0105zuj\u0105cymi przepisami prawa.<\/p>\n<h3><b>V<\/b><\/h3>\n<p><span style=\"font-weight: 400;\">1. Ostateczna interpretacja niniejszego regulaminu nale\u017cy do Organizatora.<br \/>\n<\/span>2. Wszelkie reklamacje mo\u017cna sk\u0142ada\u0107 w formie pisemnej najp\u00f3\u017aniej w terminie 14 dni od dnia zako\u0144czenia Imprezy na n\/w adres korespondencyjny Organizatora:<br \/>\n<span style=\"font-weight: 400;\">Komitet Organizacyjny 50. OSPPT Yapa 2025, Al. Politechniki 9, 93-590 \u0141\u00f3d\u017a.<br \/>\n<\/span><span style=\"font-weight: 400;\">3. Organizator rozpatruje reklamacje w terminie 21 dni od dnia ich dor\u0119czenia Organizatorowi listem poleconym. Sk\u0142adaj\u0105cy reklamacj\u0119 musi posiada\u0107 dow\u00f3d nadania listu poleconego.<\/span><\/p>\n<h3><b>VI<\/b><\/h3>\n<p><span style=\"font-weight: 400;\">1. Niniejszy regulamin jest dost\u0119pny w Biurze Festiwalowym, oraz przy wej\u015bciach na teren imprezy.<br \/>\n<\/span>2. Korespondencj\u0119 do Organizatora kieruje si\u0119 na adres wskazany w pkt. 2 rozdzia\u0142u V na pi\u015bmie, przesy\u0142k\u0105 polecon\u0105.<br \/>\n3. W sprawach nieuregulowanych w Regulaminie stosuje si\u0119 przepisy Kodeksu Cywilnego oraz obowi\u0105zuj\u0105ce przepisy prawa.<\/p>\n<p style=\"text-align: right;\"><span style=\"font-weight: 400;\">Dyrektor 50. OSPPT Yapa 2025<br \/>\n<\/span><span style=\"font-weight: 400;\">Rados\u0142aw Jankowski<\/span><\/p>\n<\/div><\/section>\n","protected":false},"excerpt":{"rendered":"","protected":false},"author":2,"featured_media":0,"parent":0,"menu_order":0,"comment_status":"closed","ping_status":"closed","template":"","meta":{"footnotes":""},"class_list":["post-780","page","type-page","status-publish","hentry"],"_links":{"self":[{"href":"https:\/\/yapa.art.pl\/2025\/wp-json\/wp\/v2\/pages\/780","targetHints":{"allow":["GET"]}}],"collection":[{"href":"https:\/\/yapa.art.pl\/2025\/wp-json\/wp\/v2\/pages"}],"about":[{"href":"https:\/\/yapa.art.pl\/2025\/wp-json\/wp\/v2\/types\/page"}],"author":[{"embeddable":true,"href":"https:\/\/yapa.art.pl\/2025\/wp-json\/wp\/v2\/users\/2"}],"replies":[{"embeddable":true,"href":"https:\/\/yapa.art.pl\/2025\/wp-json\/wp\/v2\/comments?post=780"}],"version-history":[{"count":14,"href":"https:\/\/yapa.art.pl\/2025\/wp-json\/wp\/v2\/pages\/780\/revisions"}],"predecessor-version":[{"id":5521,"href":"https:\/\/yapa.art.pl\/2025\/wp-json\/wp\/v2\/pages\/780\/revisions\/5521"}],"wp:attachment":[{"href":"https:\/\/yapa.art.pl\/2025\/wp-json\/wp\/v2\/media?parent=780"}],"curies":[{"name":"wp","href":"https:\/\/api.w.org\/{rel}","templated":true}]}}