{"id":22,"date":"2019-01-09T09:30:24","date_gmt":"2019-01-09T08:30:24","guid":{"rendered":"http:\/\/starzaki.eu.org\/~yapa-dev\/?page_id=22"},"modified":"2026-03-10T21:47:37","modified_gmt":"2026-03-10T20:47:37","slug":"program","status":"publish","type":"page","link":"https:\/\/yapa.art.pl\/2026\/program\/","title":{"rendered":"Program"},"content":{"rendered":"\n<style type=\"text\/css\" data-created_by=\"avia_inline_auto\" id=\"style-css-av-ooa3-760984d5a2b33e7b67faa3d9403d11e2\">\n.avia-section.av-ooa3-760984d5a2b33e7b67faa3d9403d11e2 .av-parallax .av-parallax-inner{\nbackground-repeat:no-repeat;\nbackground-image:url(https:\/\/www.yapa.art.pl\/2026\/wp-content\/uploads\/2019\/01\/YAPA2018_KOMINIAK_ANETA_.jpg);\nbackground-position:50% 50%;\nbackground-attachment:scroll;\n}\n<\/style>\n<div id='av_section_1'  class='avia-section av-ooa3-760984d5a2b33e7b67faa3d9403d11e2 main_color avia-section-default avia-no-border-styling  avia-builder-el-0  el_before_av_one_full  avia-builder-el-first  avia-full-stretch av-parallax-section avia-bg-style-parallax av-minimum-height av-minimum-height-50 av-height-50  container_wrap fullsize'  data-section-bg-repeat='stretch' data-av_minimum_height_pc='50' data-av_min_height_opt='50'><div class='av-parallax' data-avia-parallax-ratio='0.3' ><div class='av-parallax-inner main_color avia-full-stretch'><\/div><\/div><div class='container av-section-cont-open' ><main  role=\"main\" itemprop=\"mainContentOfPage\"  class='template-page content  av-content-full alpha units'><div class='post-entry post-entry-type-page post-entry-22'><div class='entry-content-wrapper clearfix'><\/div><\/div><\/main><!-- close content main element --><\/div><\/div><div id='after_section_1'  class='main_color av_default_container_wrap container_wrap fullsize'  ><div class='container av-section-cont-open' ><div class='template-page content  av-content-full alpha units'><div class='post-entry post-entry-type-page post-entry-22'><div class='entry-content-wrapper clearfix'>\n\n<style type=\"text\/css\" data-created_by=\"avia_inline_auto\" id=\"style-css-av-27b9i-4b197a3f74e1ff20aa01e6d802a1e904\">\n.flex_column.av-27b9i-4b197a3f74e1ff20aa01e6d802a1e904{\nborder-radius:0px 0px 0px 0px;\npadding:0px 0px 0px 0px;\n}\n<\/style>\n<div  class='flex_column av-27b9i-4b197a3f74e1ff20aa01e6d802a1e904 av_one_full  avia-builder-el-1  el_after_av_section  el_before_av_heading  avia-builder-el-first  first flex_column_div av-zero-column-padding  '     ><\/div>\n\n<div  id=\"avia-timeline-1\"  class='avia-timeline-container av-l0zw6ibk-90e15c7abc98bc44cac5331e622f1c02 av-slideshow-ui  avia-builder-el-3  el_after_av_heading  el_before_av_one_full ' ><ul class='avia-timeline avia-timeline-vertical av-milestone-placement-alternate avia-timeline- avia_animate_when_almost_visible avia-timeline-animate'>\n<li  class='av-milestone av-2nhaa-350622f338a99aed49aefa374d01873d av-animated-generic fade-in av-milestone-valign-baseline av-milestone-odd'><h2 class='av-milestone-date ' id='milestone-piatek-13-marca-godz-1900' ><strong>Pi\u0105tek, 13 marca, godz. 19:00<span class='av-milestone-indicator'><\/span><\/strong><\/h2><div class=\"av-milestone-icon-wrap\"><span class='av-milestone-icon milestone_icon avia-font-entypo-fontello'><span class='av-milestone-icon-inner milestone_inner'><i class='milestone-char' aria-hidden='true' data-av_icon='\ue800' data-av_iconfont='entypo-fontello'><\/i><\/span><\/span><\/div><article class='av-milestone-content-wrap'><div class='av-milestone-contentbox'><header class=\"entry-content-header\" aria-label=\"Milestone: Koncert konkursowy\"><h4 class='av-milestone-title '>Koncert konkursowy<\/h4><\/header><div class='av-milestone-content'><p><em>Prowadzenie: Grzegorz Jimmy Makowski, Zofia Pochylska<\/em><\/p>\n<p>Ranko Ukulele<\/p>\n<p>EKT Gdynia<\/p>\n<p>Wykonawcy konkursowi &#8211; Karolina Lizer, DTKF Shanty, Wci\u00f3rno\u015bci, Zrefowani, Tosia Witkosz, SuP\u0141y,\u00a0\u0141adne Piosenki, Druga Wachta, Maciej Canton Piotrowski, HamaK<\/p>\n<p>S\u0142odki Ca\u0142us od Buby i go\u015b\u0107 specjalny Waldemar Mieczkowski<\/p>\n<\/div><\/div><footer class='av-milestone-article-footer entry-footer'><\/footer><\/article><\/li>\n<li  class='av-milestone av-25vvi-de597a5392ab00a4360c45b617d57abf av-animated-generic fade-in av-milestone-valign-baseline av-milestone-even'><h2 class='av-milestone-date ' id='milestone-sobota-14-marca-godz-1200' ><strong>Sobota, 14 marca, godz. 12:00<span class='av-milestone-indicator'><\/span><\/strong><\/h2><article class='av-milestone-content-wrap'><div class='av-milestone-contentbox'><header class=\"entry-content-header\" aria-label=\"Milestone: Koncert konkursowy\"><h4 class='av-milestone-title '>Koncert konkursowy<\/h4><\/header><div class='av-milestone-content'><p><em>Prowadzenie: Maciej P\u0142uciennik, Krzysztof Wro\u0144ski<\/em><\/p>\n<p>Wykonawcy konkursowi &#8211; Grupa ELORE, BABY!, Po S\u0142owie, Wbrew Pozorom, Kapela Spod Rubani, Anna Celeba\u0144ska, Bartek Kazimierczak &#038; Pawe\u0142 Pikus, NAGLE, Ta Jedna Chwila, The Late Bloomers Project<\/p>\n<\/div><\/div><footer class='av-milestone-article-footer entry-footer'><\/footer><\/article><div class=\"av-milestone-icon-wrap\"><span class='av-milestone-icon milestone_icon avia-font-entypo-fontello'><span class='av-milestone-icon-inner milestone_inner'><i class='milestone-char' aria-hidden='true' data-av_icon='\ue801' data-av_iconfont='entypo-fontello'><\/i><\/span><\/span><\/div><h2 class='av-milestone-date ' id='milestone-sobota-14-marca-godz-1200' ><strong>Sobota, 14 marca, godz. 12:00<span class='av-milestone-indicator'><\/span><\/strong><\/h2><\/li>\n<li  class='av-milestone av-mmcez1o2-96194f210b29cb5fcceedde0bddc3a77 av-animated-generic fade-in av-milestone-valign-baseline av-milestone-odd'><h2 class='av-milestone-date ' id='milestone-sobota-14-marca-godz-1700' ><strong>Sobota, 14 marca, godz. 17:00<span class='av-milestone-indicator'><\/span><\/strong><\/h2><div class=\"av-milestone-icon-wrap\"><span class='av-milestone-icon milestone_icon avia-font-entypo-fontello'><span class='av-milestone-icon-inner milestone_inner'><i class='milestone-char' aria-hidden='true' data-av_icon='\ue800' data-av_iconfont='entypo-fontello'><\/i><\/span><\/span><\/div><article class='av-milestone-content-wrap'><div class='av-milestone-contentbox'><header class=\"entry-content-header\" aria-label=\"Milestone: Spotkanie podr\u00f3\u017cnicze\"><h4 class='av-milestone-title '>Spotkanie podr\u00f3\u017cnicze<\/h4><\/header><div class='av-milestone-content'><p><span class=\"html-span xexx8yu xyri2b x18d9i69 x1c1uobl x1hl2dhg x16tdsg8 x1vvkbs x3nfvp2 x1j61x8r x1fcty0u xdj266r xat24cr xm2jcoa x1mpyi22 xxymvpz xlup9mm x1kky2od\"><img loading=\"lazy\" decoding=\"async\" class=\"xz74otr x15mokao x1ga7v0g x16uus16 xbiv7yw\" src=\"https:\/\/static.xx.fbcdn.net\/images\/emoji.php\/v9\/t7c\/1\/16\/26f5.png\" alt=\"&#x26f5;&#xfe0f;\" width=\"16\" height=\"16\" \/> <\/span>Northwest Passage, czyli o \u017ceglowaniu \u015bladami Johna Franklina przej\u015bciem p\u00f3\u0142nocno zachodnim, w\u015br\u00f3d g\u00f3r lodowych, nied\u017awiedzi polarnych i wieloryb\u00f3w opowie nam \u017beglarz Roku 2024, prawdziwy Kolos, wspania\u0142y Kapitan Maciej Sodkiewicz <span class=\"html-span xexx8yu xyri2b x18d9i69 x1c1uobl x1hl2dhg x16tdsg8 x1vvkbs x3nfvp2 x1j61x8r x1fcty0u xdj266r xat24cr xm2jcoa x1mpyi22 xxymvpz xlup9mm x1kky2od\"><img loading=\"lazy\" decoding=\"async\" class=\"xz74otr x15mokao x1ga7v0g x16uus16 xbiv7yw\" src=\"https:\/\/static.xx.fbcdn.net\/images\/emoji.php\/v9\/t7c\/1\/16\/26f5.png\" alt=\"&#x26f5;&#xfe0f;\" width=\"16\" height=\"16\" \/><\/span><\/p>\n<p>Prezentacja odb\u0119dzie si\u0119 w Indeksie &#8211; naszym Klubie Festiwalowym.<\/p>\n<\/div><\/div><footer class='av-milestone-article-footer entry-footer'><\/footer><\/article><\/li>\n<li  class='av-milestone av-y1se-5e4c39aff1afc48c205dcb2647a98480 av-animated-generic fade-in av-milestone-valign-baseline av-milestone-even'><h2 class='av-milestone-date ' id='milestone-sobota-14-marca-godz-1900' ><strong>Sobota, 14 marca, godz. 19:00<span class='av-milestone-indicator'><\/span><\/strong><\/h2><article class='av-milestone-content-wrap'><div class='av-milestone-contentbox'><header class=\"entry-content-header\" aria-label=\"Milestone: Koncert Gwiazd\"><h4 class='av-milestone-title '>Koncert Gwiazd<\/h4><\/header><div class='av-milestone-content'><p><em>Prowadzenie: \u0141ukasz Przywara, Ryszard Gawro\u0144ski, <\/em><em>Krzysztof Zimoch<\/em><\/p>\n<p>S\u0142owodaj\u0119<\/p>\n<p>Chwila Nieuwagi<\/p>\n<p>S\u0105siedzi<\/p>\n<p>Lubelska Federacja Bard\u00f3w<\/p>\n<p>Bez Idola<\/p>\n<p>Egon Alter<\/p>\n<p>Ku\u015bka Brothers<\/p>\n<\/div><\/div><footer class='av-milestone-article-footer entry-footer'><\/footer><\/article><div class=\"av-milestone-icon-wrap\"><span class='av-milestone-icon milestone_icon avia-font-entypo-fontello'><span class='av-milestone-icon-inner milestone_inner'><i class='milestone-char' aria-hidden='true' data-av_icon='\ue808' data-av_iconfont='entypo-fontello'><\/i><\/span><\/span><\/div><h2 class='av-milestone-date ' id='milestone-sobota-14-marca-godz-1900' ><strong>Sobota, 14 marca, godz. 19:00<span class='av-milestone-indicator'><\/span><\/strong><\/h2><\/li>\n<li  class='av-milestone av-37iy-e1c4517cc68471075acbef2cf688f2f9 av-animated-generic fade-in av-milestone-valign-baseline av-milestone-odd'><h2 class='av-milestone-date ' id='milestone-niedziela-15-marca-godz-1300' ><strong>Niedziela, 15 marca, godz. 13:00<span class='av-milestone-indicator'><\/span><\/strong><\/h2><div class=\"av-milestone-icon-wrap\"><span class='av-milestone-icon milestone_icon avia-font-entypo-fontello'><span class='av-milestone-icon-inner milestone_inner'><i class='milestone-char' aria-hidden='true' data-av_icon='\ue8a8' data-av_iconfont='entypo-fontello'><\/i><\/span><\/span><\/div><article class='av-milestone-content-wrap'><div class='av-milestone-contentbox'><header class=\"entry-content-header\" aria-label=\"Milestone: Koncert Laureat\u00f3w\"><h4 class='av-milestone-title '>Koncert Laureat\u00f3w<\/h4><\/header><div class='av-milestone-content'><p><em>Prowadzenie: Micha\u0142 Marchlewski, Sebastian Dziuda<\/em><\/p>\n<p>Gabi Gunia<\/p>\n<p>Laureaci<\/p>\n<p>Cztery Refy<\/p>\n<\/div><\/div><footer class='av-milestone-article-footer entry-footer'><\/footer><\/article><\/li>\n<\/ul><\/div>\n\n<style type=\"text\/css\" data-created_by=\"avia_inline_auto\" id=\"style-css-av-53i6-98d897ad51e6549b9a65fd2326b40e14\">\n.flex_column.av-53i6-98d897ad51e6549b9a65fd2326b40e14{\nborder-radius:0px 0px 0px 0px;\npadding:0px 0px 0px 0px;\n}\n<\/style>\n<div  class='flex_column av-53i6-98d897ad51e6549b9a65fd2326b40e14 av_one_full  avia-builder-el-4  el_after_av_timeline  el_before_av_one_full  first flex_column_div av-zero-column-padding  '     ><\/div>\n\n<style type=\"text\/css\" data-created_by=\"avia_inline_auto\" id=\"style-css-av-pkp2-29326263a8865daf42749a28749ffd5b\">\n.flex_column.av-pkp2-29326263a8865daf42749a28749ffd5b{\nborder-radius:0px 0px 0px 0px;\npadding:0px 0px 0px 0px;\n}\n<\/style>\n<div  class='flex_column av-pkp2-29326263a8865daf42749a28749ffd5b av_one_full  avia-builder-el-5  el_after_av_one_full  avia-builder-el-last  first flex_column_div av-zero-column-padding  column-top-margin'     ><\/div>\n","protected":false},"excerpt":{"rendered":"","protected":false},"author":1,"featured_media":4524,"parent":0,"menu_order":0,"comment_status":"closed","ping_status":"closed","template":"","meta":{"footnotes":""},"class_list":["post-22","page","type-page","status-publish","has-post-thumbnail","hentry"],"_links":{"self":[{"href":"https:\/\/yapa.art.pl\/2026\/wp-json\/wp\/v2\/pages\/22","targetHints":{"allow":["GET"]}}],"collection":[{"href":"https:\/\/yapa.art.pl\/2026\/wp-json\/wp\/v2\/pages"}],"about":[{"href":"https:\/\/yapa.art.pl\/2026\/wp-json\/wp\/v2\/types\/page"}],"author":[{"embeddable":true,"href":"https:\/\/yapa.art.pl\/2026\/wp-json\/wp\/v2\/users\/1"}],"replies":[{"embeddable":true,"href":"https:\/\/yapa.art.pl\/2026\/wp-json\/wp\/v2\/comments?post=22"}],"version-history":[{"count":153,"href":"https:\/\/yapa.art.pl\/2026\/wp-json\/wp\/v2\/pages\/22\/revisions"}],"predecessor-version":[{"id":6197,"href":"https:\/\/yapa.art.pl\/2026\/wp-json\/wp\/v2\/pages\/22\/revisions\/6197"}],"wp:featuredmedia":[{"embeddable":true,"href":"https:\/\/yapa.art.pl\/2026\/wp-json\/wp\/v2\/media\/4524"}],"wp:attachment":[{"href":"https:\/\/yapa.art.pl\/2026\/wp-json\/wp\/v2\/media?parent=22"}],"curies":[{"name":"wp","href":"https:\/\/api.w.org\/{rel}","templated":true}]}}