{"id":3,"date":"2018-12-28T13:29:45","date_gmt":"2018-12-28T13:29:45","guid":{"rendered":"http:\/\/www.yapa.art.pl\/2017-dev\/?page_id=3"},"modified":"2019-01-29T22:44:17","modified_gmt":"2019-01-29T22:44:17","slug":"polityka-prywatnosci","status":"publish","type":"page","link":"https:\/\/yapa.art.pl\/2026\/polityka-prywatnosci\/","title":{"rendered":"Polityka Prywatno\u015bci"},"content":{"rendered":"<h2>Polityka Prywatno\u015bci<\/h2>\n<p>W zwi\u0105zku z wchodz\u0105cym w \u017cycie w dniu 25 maja 2018 rozporz\u0105dzeniem Parlamentu Europejskiego i Rady Unii Europejskiej 2016\/679 z dnia 27 kwietnia 2016 r. w sprawie ochrony os\u00f3b fizycznych w zwi\u0105zku z przetwarzaniem danych osobowych i w sprawie swobodnego przep\u0142ywu takich danych oraz uchylenia dyrektywy 95\/46\/WE oraz opini\u0105 polskiego Generalnego Inspektora Ochrony Danych Osobowych oraz polskimi przepisami reguluj\u0105cymi ochron\u0119 danych osobowych przekazujemy wa\u017cne informacje dotycz\u0105ce dzia\u0142ania Serwisu www.yapa.art.pl oraz ochrony danych osobowych jego U\u017cytkownik\u00f3w.<\/p>\n<h3>I. Postanowienia Og\u00f3lne.<\/h3>\n<ol>\n<li>Operatorem Serwisu www.yapa.art.pl jest Studencki Klub Turystyczny P\u0141azik z siedzib\u0105 w \u0141odzi przy al. Politechniki 9.<\/li>\n<li>Serwis realizuje funkcje pozyskiwania informacji o u\u017cytkownikach i ich zachowaniach w nast\u0119puj\u0105cy spos\u00f3b:\n<ul>\n<li>Poprzez dobrowolnie wprowadzone informacje w komentarzach do wpis\u00f3w.<\/li>\n<li>Poprzez zapisywanie w urz\u0105dzeniach ko\u0144cowych pliki cookie (tzw. &#8222;ciasteczka&#8221;).<\/li>\n<li>Poprzez dobrowolnie wprowadzone w formularzach zawartych w Serwisie dane. W szczeg\u00f3lno\u015bci s\u0105 to formularze zg\u0142oszenia do konkursu, rezerwacji karnet\u00f3w oraz zg\u0142oszenia uczestnictwa w Raydzie poYapowym.<\/li>\n<\/ul>\n<\/li>\n<li>Niniejsza Polityka jest dokumentem informacyjnym i nie zast\u0119puje polityki bezpiecze\u0144stwa, prowadzonej przez Operatora Serwisu zgodnie z przepisami o ochronie danych osobowych.<\/li>\n<li>W zakresie danych, b\u0119d\u0105cych danymi osobowymi w \u015bwietnie przepis\u00f3w o ochronie danych osobowych, administratorem danych jest Operator Serwisu.<\/li>\n<li>Operator Serwisu wyznaczy\u0142 Inspektora Ochrony Danych, z kt\u00f3rym mo\u017cna si\u0119 kontaktowa\u0107 pisemnie, za pomoc\u0105 poczty tradycyjnej na adres: al. Politechniki 9, 93-590 \u0141\u00f3d\u017a lub drog\u0105 elektroniczn\u0105: rodo@plazik.pl.<\/li>\n<\/ol>\n<h3>II. Komentarze.<\/h3>\n<ol>\n<li>Kiedy U\u017cytkownik Serwisu publikuje pod wpisem sw\u00f3j komentarz, zbierane s\u0105 dane ukazane w formularzu komentarza. Dodatkowo w celu ochrony przed spamem zapisywany jest adres IP U\u017cytkownika i identyfikator przegl\u0105darki internetowej (ang. &#8222;browser user agent string&#8221;).<\/li>\n<li>Ponadto zanonimizowany ci\u0105g znak\u00f3w (ang. &#8222;hash&#8221;) powsta\u0142y z adresu email U\u017cytkownika mo\u017ce zosta\u0107 udost\u0119pniony serwisowi Gravatar w celu udost\u0119pnienia avatara U\u017cytkownika. Po zaakceptowaniu komentarza obok wypowiedzi U\u017cytkownika b\u0119dzie publicznie widoczny jego obrazek profilowy zarejestrowany w serwisie Gravatar. Polityka Prywatno\u015bci serwisu Gravatar jest odst\u0119pna tutaj: https:\/\/automattic.com\/privacy\/.<\/li>\n<li>Je\u015bli U\u017cytkownik pozostawi komentarz jego dane mog\u0105 zosta\u0107 zapisane w plikach cookies. S\u0105 one zachowywane dla wygody U\u017cytkownika, dzi\u0119ki czemu nie musi wype\u0142nia\u0107 swoich danych ponownie, gdy zostawi inny komentarz. Te pliki cookies b\u0119d\u0105 trwa\u0107 przez rok.<\/li>\n<\/ol>\n<h3>III. Cookies.<\/h3>\n<ol>\n<li>Serwis korzysta z plik\u00f3w cookies.<\/li>\n<li>Pliki cookies stanowi\u0105 dane informatyczne, w szczeg\u00f3lno\u015bci pliki tekstowe, kt\u00f3re przechowywane s\u0105 w urz\u0105dzeniu ko\u0144cowym U\u017cytkownika Serwisu i przeznaczone s\u0105 do korzystania ze stron internetowych Serwisu. Pliki tego rodzaju zazwyczaj zawieraj\u0105 nazw\u0119 strony internetowej, z kt\u00f3rej pochodz\u0105, czas przechowywania ich na urz\u0105dzeniu ko\u0144cowym oraz unikalny numer.<\/li>\n<li>Podmiotem zamieszczaj\u0105cym na urz\u0105dzeniu ko\u0144cowym U\u017cytkownika pliki cookies oraz uzyskuj\u0105cym do nich dost\u0119p jest Operator Serwisu lub podmioty z nim wsp\u00f3\u0142pracuj\u0105ce.<\/li>\n<li>Oprogramowanie do przegl\u0105dania stron internetowych (przegl\u0105darka internetowa) zazwyczaj domy\u015blnie dopuszcza przechowywanie plik\u00f3w cookies w urz\u0105dzeniu ko\u0144cowym U\u017cytkownika. U\u017cytkownicy Serwisu mog\u0105 dokona\u0107 zmiany ustawie\u0144 w tym zakresie. Przegl\u0105darka internetowa umo\u017cliwia usuni\u0119cie plik\u00f3w cookies. Mo\u017cliwe jest tak\u017ce automatyczne blokowanie plik\u00f3w cookies. Szczeg\u00f3\u0142owe informacje na ten temat zawiera pomoc lub dokumentacja przegl\u0105darki internetowej. Ograniczenia stosowania plik\u00f3w cookies mog\u0105 wp\u0142yn\u0105\u0107 na niekt\u00f3re funkcjonalno\u015bci dost\u0119pne na stronach internetowych Serwisu.<\/li>\n<\/ol>\n<h3>IV. Formularze.<\/h3>\n<ol>\n<li>Serwis zbiera informacje podane dobrowolnie przez U\u017cytkownika.<\/li>\n<li>Dane w formularzach nie s\u0105 udost\u0119pniane podmiotom trzecim inaczej, ni\u017c za zgod\u0105 U\u017cytkownika.<\/li>\n<li>Dane podane w formularzu s\u0105 przetwarzane w celu wynikaj\u0105cym z funkcji konkretnego formularza, np. w celu rejestracji zg\u0142oszenia zespo\u0142u do konkursu, rezerwacji karnet\u00f3w lub uczestnictwa w Raydzie poYapowym.<\/li>\n<li>Zbierane przez Operatora Serwisu dane osobowe U\u017cytkownik\u00f3w przetwarzane s\u0105 w spos\u00f3b zgodny z zakresem udzielonego przez U\u017cytkownika zezwolenia lub na podstawie innych ustawowych przes\u0142anek legalizuj\u0105cych przetwarzanie danych zgodnie z wymogami prawa polskiego. Zbi\u00f3r zgromadzonych danych osobowych U\u017cytkownik\u00f3w traktowany jest jako wydzielona baza danych przechowywana na bezpiecznym serwerze oraz w profesjonalnych serwisach, kt\u00f3re udost\u0119pniaj\u0105 Operatorowi us\u0142ug\u0119 obs\u0142ugi formularzy. Pe\u0142en dost\u0119p do bazy danych posiada jedynie niewielka liczba uprawnionych pracownik\u00f3w zajmuj\u0105ca si\u0119 administracj\u0105 bazami danych.<\/li>\n<li>Je\u015bli dane w formularzu umo\u017cliwiaj\u0105 identyfikacj\u0119 osoby fizycznej, to osoba taka ma prawdo do wgl\u0105du, modyfikacji i \u017c\u0105dania zaprzestania przetwarzania swoich danych w dowolnym momencie. Mo\u017cliwe jednak, \u017ce b\u0119dzie to powodowa\u0142o brak mo\u017cliwo\u015bci zrealizowania celu, w kt\u00f3rym powsta\u0142 dany formularz.<\/li>\n<li>Aby skorzysta\u0107 z prawa do wgl\u0105du, modyfikacji, ogranieczenia lub usuni\u0119cia swoich danych U\u017cytkownik powinien skonktowa\u0107 si\u0119 z Operatorem pisemnie, za pomoc\u0105 poczty tradycyjnej na adres: al. Politechniki 9, 93-590 \u0141\u00f3d\u017a lub drog\u0105 elektroniczn\u0105: rodo@plazik.pl.<\/li>\n<li>Operator dok\u0142ada wszelkich stara\u0144, aby zapewni\u0107 wszelkie \u015brodki fizycznej, technicznej i organizacyjnej ochrony danych osobowych przed ich przypadkowym czy umy\u015blnym zniszczeniem, przypadkow\u0105 utrat\u0105, zmian\u0105, nieuprawnionym ujawnieniem, wykorzystaniem czy dost\u0119pem, zgodnie ze wszystkimi obowi\u0105zuj\u0105cymi przepisami.<\/li>\n<\/ol>\n<h3>V. Osadzone tre\u015bci z innych stron internetowych.<\/h3>\n<ol>\n<li>Artyku\u0142y na tej stronie mog\u0105 zawiera\u0107 tre\u015bci osadzone (np. filmy, zdj\u0119cia, artyku\u0142y itp.). Tre\u015bci osadzone z innych witryn zachowuj\u0105 si\u0119 dok\u0142adnie tak samo, jakby U\u017cytkownik odwiedzi\u0142 t\u0119 stron\u0119.<\/li>\n<li>Witryny te mog\u0105 zbiera\u0107 dane o U\u017cytkowniku, u\u017cywa\u0107 plik\u00f3w cookie, osadza\u0107 dodatkowe \u015bledzenie stron trzecich i monitorowa\u0107 interakcj\u0119 z t\u0105 zawarto\u015bci\u0105 osadzon\u0105, w tym \u015bledzenie interakcji z zawarto\u015bci\u0105 osadzon\u0105, je\u015bli U\u017cytkownik ma konto i jest zalogowany na tej stronie.<\/li>\n<\/ol>\n<h3>VI. Inne us\u0142ugi zewn\u0119trzne.<\/h3>\n<ol>\n<li>Za pomoc\u0105 plik\u00f3w cookies mog\u0105 by\u0107 zbierane informacje na potrzeby Google Analytics, kt\u00f3re pomog\u0105 Operatorowi zrozumie\u0107, w jaki spos\u00f3b U\u017cytkownicy korzystaj\u0105 z Serwisu, jak efektywne s\u0105 dzia\u0142ania marketingowe Operatora oraz jak dostosowa\u0107 serwis do preferencji U\u017cytkownika.<\/li>\n<li>Serwis korzysta tak\u017ce z r\u00f3\u017cnych serwis\u00f3w zewn\u0119trznych takich jak: Google Webfonts, Google Maps oraz r\u00f3\u017cnego rodzaju dostawc\u00f3w us\u0142ug video. Poniewa\u017c serwisy te mog\u0105 gromadzi\u0107 dane osobowe Operator umo\u017cliwia zablokowanie ich za pomoc\u0105 ustawie\u0144 Serwisu. Jednak wy\u0142\u0105czenie tych us\u0142ug mo\u017ce obni\u017cy\u0107 funkcjonalno\u015b\u0107 i wygl\u0105d Serwisu. Wprowadzone zmiany zaczn\u0105 dzia\u0142a\u0107 po ponownym za\u0142adowaniu strony.<\/li>\n<\/ol>\n","protected":false},"excerpt":{"rendered":"<p>Polityka Prywatno\u015bci W zwi\u0105zku z wchodz\u0105cym w \u017cycie w dniu 25 maja 2018 rozporz\u0105dzeniem Parlamentu Europejskiego i Rady Unii Europejskiej 2016\/679 z dnia 27 kwietnia 2016 r. w sprawie ochrony os\u00f3b fizycznych w zwi\u0105zku z przetwarzaniem danych osobowych i w sprawie swobodnego przep\u0142ywu takich danych oraz uchylenia dyrektywy 95\/46\/WE oraz opini\u0105 polskiego Generalnego Inspektora Ochrony [&hellip;]<\/p>\n","protected":false},"author":1,"featured_media":0,"parent":0,"menu_order":0,"comment_status":"closed","ping_status":"open","template":"","meta":{"footnotes":""},"class_list":["post-3","page","type-page","status-publish","hentry"],"_links":{"self":[{"href":"https:\/\/yapa.art.pl\/2026\/wp-json\/wp\/v2\/pages\/3","targetHints":{"allow":["GET"]}}],"collection":[{"href":"https:\/\/yapa.art.pl\/2026\/wp-json\/wp\/v2\/pages"}],"about":[{"href":"https:\/\/yapa.art.pl\/2026\/wp-json\/wp\/v2\/types\/page"}],"author":[{"embeddable":true,"href":"https:\/\/yapa.art.pl\/2026\/wp-json\/wp\/v2\/users\/1"}],"replies":[{"embeddable":true,"href":"https:\/\/yapa.art.pl\/2026\/wp-json\/wp\/v2\/comments?post=3"}],"version-history":[{"count":6,"href":"https:\/\/yapa.art.pl\/2026\/wp-json\/wp\/v2\/pages\/3\/revisions"}],"predecessor-version":[{"id":5386,"href":"https:\/\/yapa.art.pl\/2026\/wp-json\/wp\/v2\/pages\/3\/revisions\/5386"}],"wp:attachment":[{"href":"https:\/\/yapa.art.pl\/2026\/wp-json\/wp\/v2\/media?parent=3"}],"curies":[{"name":"wp","href":"https:\/\/api.w.org\/{rel}","templated":true}]}}