{"id":4207,"date":"2024-03-28T18:04:44","date_gmt":"2024-03-28T17:04:44","guid":{"rendered":"http:\/\/yapa.art.pl\/2023\/?page_id=4207"},"modified":"2025-03-21T23:43:09","modified_gmt":"2025-03-21T22:43:09","slug":"nagroda-malgosi","status":"publish","type":"page","link":"https:\/\/yapa.art.pl\/2026\/nagroda-malgosi\/","title":{"rendered":"Nagroda im. Ma\u0142gorzaty Zwierzchowskiej"},"content":{"rendered":"\n<style type=\"text\/css\" data-created_by=\"avia_inline_auto\" id=\"style-css-av-ljpxqh99-85ba89925abc64d4f18c6a75386c0eec\">\n.avia-section.av-ljpxqh99-85ba89925abc64d4f18c6a75386c0eec .av-parallax .av-parallax-inner{\nbackground-repeat:no-repeat;\nbackground-image:url(https:\/\/www.yapa.art.pl\/2026\/wp-content\/uploads\/2023\/07\/Ma\u0142gosia.png);\nbackground-position:50% 50%;\nbackground-attachment:scroll;\n}\n<\/style>\n<div id='av_section_1'  class='avia-section av-ljpxqh99-85ba89925abc64d4f18c6a75386c0eec main_color avia-section-default avia-no-border-styling  avia-builder-el-0  el_before_av_one_full  avia-builder-el-first  avia-full-stretch av-parallax-section avia-bg-style-parallax av-minimum-height av-minimum-height-50 av-height-50  container_wrap fullsize'  data-section-bg-repeat='stretch' data-av_minimum_height_pc='50' data-av_min_height_opt='50'><div class='av-parallax' data-avia-parallax-ratio='0.3' ><div class='av-parallax-inner main_color avia-full-stretch'><\/div><\/div><div class='container av-section-cont-open' ><main  role=\"main\" itemprop=\"mainContentOfPage\"  class='template-page content  av-content-full alpha units'><div class='post-entry post-entry-type-page post-entry-4207'><div class='entry-content-wrapper clearfix'><\/div><\/div><\/main><!-- close content main element --><\/div><\/div><div id='after_section_1'  class='main_color av_default_container_wrap container_wrap fullsize'  ><div class='container av-section-cont-open' ><div class='template-page content  av-content-full alpha units'><div class='post-entry post-entry-type-page post-entry-4207'><div class='entry-content-wrapper clearfix'>\n\n<style type=\"text\/css\" data-created_by=\"avia_inline_auto\" id=\"style-css-av-1y4qlb-4662c0ce3262d9e36dbccc67c3af6f58\">\n.flex_column.av-1y4qlb-4662c0ce3262d9e36dbccc67c3af6f58{\nborder-radius:0px 0px 0px 0px;\npadding:0px 0px 0px 0px;\n}\n<\/style>\n<div  class='flex_column av-1y4qlb-4662c0ce3262d9e36dbccc67c3af6f58 av_one_full  avia-builder-el-1  el_after_av_section  el_before_av_one_full  avia-builder-el-first  first flex_column_div av-zero-column-padding  '     ><section  class='av_textblock_section av-ljpwt07q-84bfa56f3a46256cf461de42e2baa23f '   itemscope=\"itemscope\" itemtype=\"https:\/\/schema.org\/CreativeWork\" ><div class='avia_textblock'  itemprop=\"text\" ><h4><strong>Nagroda imienia Ma\u0142gorzaty Zwierzchowskiej<\/strong><\/h4>\n<p>Nagroda imienia Ma\u0142gorzaty Zwierzchowskiej, przyznawana na YAPie od 2015 roku, jest specjalnym wyr\u00f3\u017cnieniem dla najciekawszej osobowo\u015bci artystycznej konkursu. Po\u015bwi\u0119cona mistrzyni lirycznej i satyrycznej ballady, artystce kt\u00f3ra przez wiele lat towarzyszy\u0142a YAPie w niezr\u00f3wnany spos\u00f3b, razem z Olkiem Grotowskim, \u015bpiewaj\u0105c piosenki z tekstami Andrzeja Walig\u00f3rskiego.<\/p>\n<p>Formu\u0142a nagrody jest otwarta. Najog\u00f3lniej m\u00f3wi\u0105c jest to wyr\u00f3\u017cnienie za po\u0142\u0105czenie na scenie cech, kt\u00f3rymi zachwyca\u0142a Gosia: urody, talentu, wdzi\u0119ku, inteligencji, poczucia humoru i rzucaj\u0105cej si\u0119 w oczy sympatii dla publiczno\u015bci. Spokojnie! Laureat nagrody nie musi od razu posiada\u0107 wszystkich tych cech. W niepisanym regulaminie, pomys\u0142odawcy tego wyr\u00f3\u017cnienia stwierdzili, \u017ce wystarczy jednoczesne po\u0142\u0105czenie przynajmniej wi\u0119kszo\u015bci z nich.<\/p>\n<p>Nagroda przyznawana jest przez grono przyjaci\u00f3\u0142 Gosi &#8211; Olka Grotowskiego, Artura Andrusa, Zbyszka Stefa\u0144skiego, Horacego Chrz\u0105stka, Wojciecha Soko\u0142owskiego, Mariusza Wilke, Marka Sztander\u0119 i Ma\u0107ka Mamulskiego &#8211;\u00a0 ma ona charakter honorowy, ale nie symboliczny.<\/p>\n<p>Kapitu\u0142a nagrody zobowi\u0105zuje si\u0119 laureata\/laureatk\u0119 wspiera\u0107 w dzia\u0142aniach artystycznych poprzez (na przyk\u0142ad) udost\u0119pnienie studia nagra\u0144 do dokonania profesjonalnej rejestracji nagrodzonego utworu czy materia\u0142u demo, polecanie laureata\/laureatki uwadze organizator\u00f3w imprez (w tym nominacj\u0119 na festiwal Bazuna) i innych konkurs\u00f3w, konsultacje muzyczno-wokalne i tekstowe oraz promocj\u0119 w mediach. Dzi\u0119ki staraniom Kapitu\u0142y nagroda ma r\u00f3wnie\u017c wymiar finansowy.<\/p>\n<\/div><\/section><\/div>\n\n<style type=\"text\/css\" data-created_by=\"avia_inline_auto\" id=\"style-css-av-34n36n-857abbc327d451a7816bb5e794bb719a\">\n.flex_column.av-34n36n-857abbc327d451a7816bb5e794bb719a{\nborder-radius:0px 0px 0px 0px;\npadding:0px 0px 0px 0px;\n}\n<\/style>\n<div  class='flex_column av-34n36n-857abbc327d451a7816bb5e794bb719a av_one_full  avia-builder-el-3  el_after_av_one_full  el_before_av_one_half  first flex_column_div av-zero-column-padding  column-top-margin'     ><section  class='av_textblock_section av-ljpy2erk-dc1679aaf76f7f56c6c7e5b2007dc1a2 '   itemscope=\"itemscope\" itemtype=\"https:\/\/schema.org\/CreativeWork\" ><div class='avia_textblock'  itemprop=\"text\" ><h4>Laureatki nagrody im. Ma\u0142gorzaty Zwierzchowskiej<\/h4>\n<\/div><\/section><\/div>\n<style type=\"text\/css\" data-created_by=\"avia_inline_auto\" id=\"style-css-av-34n36n-27-431bc19e95ab44a6ee5bfc4e2de17af6\">\n.flex_column.av-34n36n-27-431bc19e95ab44a6ee5bfc4e2de17af6{\nborder-radius:0px 0px 0px 0px;\npadding:0px 0px 0px 0px;\n}\n<\/style>\n<div  class='flex_column av-34n36n-27-431bc19e95ab44a6ee5bfc4e2de17af6 av_one_half  avia-builder-el-5  el_after_av_one_full  el_before_av_one_half  first flex_column_div av-zero-column-padding  column-top-margin'     ><p><div  class='avia-video av-ljpxzeck-7ceb6ec3ba131677cec075bc790f1ff5 avia-video-16-9 av-no-preview-image avia-video-load-always av-lazyload-immediate av-lazyload-video-embed'  itemprop=\"video\" itemtype=\"https:\/\/schema.org\/VideoObject\"  data-original_url='https:\/\/www.youtube.com\/watch?v=S6WWwTn6ukE'><script type='text\/html' class='av-video-tmpl'><div class='avia-iframe-wrap'><iframe loading=\"lazy\" width=\"1500\" height=\"844\" src=\"https:\/\/www.youtube.com\/embed\/S6WWwTn6ukE?feature=oembed&autoplay=0&loop=0&controls=1&mute=0\" frameborder=\"0\" allow=\"accelerometer; autoplay; clipboard-write; encrypted-media; gyroscope; picture-in-picture; web-share\" allowfullscreen title=\"Zuzanna - Papierosy i serce @ YAPA 2015\"><\/iframe><\/div><\/script><div class='av-click-to-play-overlay'><div class=\"avia_playpause_icon\"><\/div><\/div><\/div><br \/>\n<section  class='av_textblock_section av-ljpy2erk-26-592de5374150b992bab2d7c1b96094d7 '   itemscope=\"itemscope\" itemtype=\"https:\/\/schema.org\/CreativeWork\" ><div class='avia_textblock'  itemprop=\"text\" ><h5>Yapa 2015 &#8211; Zuzanna<\/h5>\n<\/div><\/section><\/p><\/div><\/p>\n\n<style type=\"text\/css\" data-created_by=\"avia_inline_auto\" id=\"style-css-av-34n36n-25-29507d817bef8cc91235196a40f28898\">\n.flex_column.av-34n36n-25-29507d817bef8cc91235196a40f28898{\nborder-radius:0px 0px 0px 0px;\npadding:0px 0px 0px 0px;\n}\n<\/style>\n<div  class='flex_column av-34n36n-25-29507d817bef8cc91235196a40f28898 av_one_half  avia-builder-el-8  el_after_av_one_half  el_before_av_one_half  flex_column_div av-zero-column-padding  column-top-margin'     ><p><div  class='avia-video av-ljpxzeck-24-4141944aed35c9636172f879bfabb6f0 avia-video-16-9 av-no-preview-image avia-video-load-always av-lazyload-immediate av-lazyload-video-embed'  itemprop=\"video\" itemtype=\"https:\/\/schema.org\/VideoObject\"  data-original_url='https:\/\/www.youtube.com\/watch?v=4g-72wIwLgQ'><script type='text\/html' class='av-video-tmpl'><div class='avia-iframe-wrap'><iframe loading=\"lazy\" width=\"1500\" height=\"844\" src=\"https:\/\/www.youtube.com\/embed\/4g-72wIwLgQ?feature=oembed&autoplay=0&loop=0&controls=1&mute=0\" frameborder=\"0\" allow=\"accelerometer; autoplay; clipboard-write; encrypted-media; gyroscope; picture-in-picture; web-share\" allowfullscreen title=\"Monika Kowalczyk - Na w\u0142asno\u015b\u0107 @ YAPA 2016\"><\/iframe><\/div><\/script><div class='av-click-to-play-overlay'><div class=\"avia_playpause_icon\"><\/div><\/div><\/div><br \/>\n<section  class='av_textblock_section av-ljpy2erk-23-a3ad0bb5ba9d56b5bb681eff1768ead0 '   itemscope=\"itemscope\" itemtype=\"https:\/\/schema.org\/CreativeWork\" ><div class='avia_textblock'  itemprop=\"text\" ><h5>Yapa 2016 &#8211; Monika Kowalczyk<\/h5>\n<\/div><\/section><\/p><\/div>\n\n<style type=\"text\/css\" data-created_by=\"avia_inline_auto\" id=\"style-css-av-34n36n-22-1c90a9051d007597ecbba0ca9d0db34f\">\n.flex_column.av-34n36n-22-1c90a9051d007597ecbba0ca9d0db34f{\nborder-radius:0px 0px 0px 0px;\npadding:0px 0px 0px 0px;\n}\n<\/style>\n<div  class='flex_column av-34n36n-22-1c90a9051d007597ecbba0ca9d0db34f av_one_half  avia-builder-el-11  el_after_av_one_half  el_before_av_one_half  first flex_column_div av-zero-column-padding  column-top-margin'     ><p><div  class='avia-video av-ljpxzeck-21-5c5da21edd97be771609c99fe02f03ca avia-video-16-9 av-no-preview-image avia-video-load-always av-lazyload-immediate av-lazyload-video-embed'  itemprop=\"video\" itemtype=\"https:\/\/schema.org\/VideoObject\"  data-original_url='https:\/\/www.youtube.com\/watch?v=J5rq_qn_Ihg'><script type='text\/html' class='av-video-tmpl'><div class='avia-iframe-wrap'><iframe loading=\"lazy\" width=\"1500\" height=\"844\" src=\"https:\/\/www.youtube.com\/embed\/J5rq_qn_Ihg?feature=oembed&autoplay=0&loop=0&controls=1&mute=0\" frameborder=\"0\" allow=\"accelerometer; autoplay; clipboard-write; encrypted-media; gyroscope; picture-in-picture; web-share\" allowfullscreen title=\"Suzia - Wr\u00f3\u0107 ze mn\u0105 do domu @ YAPA 2017\"><\/iframe><\/div><\/script><div class='av-click-to-play-overlay'><div class=\"avia_playpause_icon\"><\/div><\/div><\/div><br \/>\n<section  class='av_textblock_section av-ljpy2erk-20-dfbf5a82ce3c0fd2b0063a3281f25d02 '   itemscope=\"itemscope\" itemtype=\"https:\/\/schema.org\/CreativeWork\" ><div class='avia_textblock'  itemprop=\"text\" ><h5>Yapa 2017 &#8211; Suzia<\/h5>\n<\/div><\/section><\/p><\/div>\n\n<style type=\"text\/css\" data-created_by=\"avia_inline_auto\" id=\"style-css-av-34n36n-19-8707482d2f7d9211456b297fd3b69080\">\n.flex_column.av-34n36n-19-8707482d2f7d9211456b297fd3b69080{\nborder-radius:0px 0px 0px 0px;\npadding:0px 0px 0px 0px;\n}\n<\/style>\n<div  class='flex_column av-34n36n-19-8707482d2f7d9211456b297fd3b69080 av_one_half  avia-builder-el-14  el_after_av_one_half  el_before_av_one_half  flex_column_div av-zero-column-padding  column-top-margin'     ><p><div  class='avia-video av-ljpxzeck-18-1f4996afcb49cb2083e12a0c5f38f1ea avia-video-16-9 av-no-preview-image avia-video-load-always av-lazyload-immediate av-lazyload-video-embed'  itemprop=\"video\" itemtype=\"https:\/\/schema.org\/VideoObject\"  data-original_url='https:\/\/www.youtube.com\/watch?v=6v5AAV1Zrsc'><script type='text\/html' class='av-video-tmpl'><div class='avia-iframe-wrap'><iframe loading=\"lazy\" width=\"1500\" height=\"844\" src=\"https:\/\/www.youtube.com\/embed\/6v5AAV1Zrsc?feature=oembed&autoplay=0&loop=0&controls=1&mute=0\" frameborder=\"0\" allow=\"accelerometer; autoplay; clipboard-write; encrypted-media; gyroscope; picture-in-picture; web-share\" allowfullscreen title=\"Justyna Sieniu\u0107 - Baba z pieczary @ Yapa 2018\"><\/iframe><\/div><\/script><div class='av-click-to-play-overlay'><div class=\"avia_playpause_icon\"><\/div><\/div><\/div><br \/>\n<section  class='av_textblock_section av-ljpy2erk-17-bbcff28b3655ca270c737d3c95b9250c '   itemscope=\"itemscope\" itemtype=\"https:\/\/schema.org\/CreativeWork\" ><div class='avia_textblock'  itemprop=\"text\" ><h5>Yapa 2018 &#8211; Justyna Sieniu\u0107<\/h5>\n<\/div><\/section><\/p><\/div>\n\n<style type=\"text\/css\" data-created_by=\"avia_inline_auto\" id=\"style-css-av-34n36n-16-029b5c5435fd484e46e72c9fa5058e59\">\n.flex_column.av-34n36n-16-029b5c5435fd484e46e72c9fa5058e59{\nborder-radius:0px 0px 0px 0px;\npadding:0px 0px 0px 0px;\n}\n<\/style>\n<div  class='flex_column av-34n36n-16-029b5c5435fd484e46e72c9fa5058e59 av_one_half  avia-builder-el-17  el_after_av_one_half  el_before_av_one_half  first flex_column_div av-zero-column-padding  column-top-margin'     ><p><div  class='avia-video av-ljpxzeck-15-dcf1e7d1a0869843cee114cb618a7282 avia-video-16-9 av-no-preview-image avia-video-load-always av-lazyload-immediate av-lazyload-video-embed'  itemprop=\"video\" itemtype=\"https:\/\/schema.org\/VideoObject\"  data-original_url='https:\/\/www.youtube.com\/watch?v=PoVxYZHyrT0'><script type='text\/html' class='av-video-tmpl'><div class='avia-iframe-wrap'><iframe loading=\"lazy\" width=\"1500\" height=\"844\" src=\"https:\/\/www.youtube.com\/embed\/PoVxYZHyrT0?feature=oembed&autoplay=0&loop=0&controls=1&mute=0\" frameborder=\"0\" allow=\"accelerometer; autoplay; clipboard-write; encrypted-media; gyroscope; picture-in-picture; web-share\" allowfullscreen title=\"Oczybaszki - Pie\u015b\u0144 Fryzyjskiego Kupca @ Yapa 2019\"><\/iframe><\/div><\/script><div class='av-click-to-play-overlay'><div class=\"avia_playpause_icon\"><\/div><\/div><\/div><br \/>\n<section  class='av_textblock_section av-ljpy2erk-14-5330a27a0e8212f5b33710b716d557ba '   itemscope=\"itemscope\" itemtype=\"https:\/\/schema.org\/CreativeWork\" ><div class='avia_textblock'  itemprop=\"text\" ><h5>Yapa 2019 &#8211; Baszka Biel<\/h5>\n<\/div><\/section><\/p><\/div>\n\n<style type=\"text\/css\" data-created_by=\"avia_inline_auto\" id=\"style-css-av-34n36n-13-4c9c3d8752bb8619c3e03a88f1961d1a\">\n.flex_column.av-34n36n-13-4c9c3d8752bb8619c3e03a88f1961d1a{\nborder-radius:0px 0px 0px 0px;\npadding:0px 0px 0px 0px;\n}\n<\/style>\n<div  class='flex_column av-34n36n-13-4c9c3d8752bb8619c3e03a88f1961d1a av_one_half  avia-builder-el-20  el_after_av_one_half  el_before_av_one_half  flex_column_div av-zero-column-padding  column-top-margin'     ><p><div  class='avia-video av-ljpxzeck-12-694e25b9673a4e4b816ee01f028e440c avia-video-16-9 av-no-preview-image avia-video-load-always av-lazyload-immediate av-lazyload-video-embed'  itemprop=\"video\" itemtype=\"https:\/\/schema.org\/VideoObject\"  data-original_url='https:\/\/www.youtube.com\/watch?v=5-je6x7MJQQ'><script type='text\/html' class='av-video-tmpl'><div class='avia-iframe-wrap'><iframe loading=\"lazy\" width=\"1500\" height=\"844\" src=\"https:\/\/www.youtube.com\/embed\/5-je6x7MJQQ?feature=oembed&autoplay=0&loop=0&controls=1&mute=0\" frameborder=\"0\" allow=\"accelerometer; autoplay; clipboard-write; encrypted-media; gyroscope; picture-in-picture; web-share\" allowfullscreen title=\"Katka Gorunova  - Ujs\u02c7t (Uciec) @ Yapa 2021\"><\/iframe><\/div><\/script><div class='av-click-to-play-overlay'><div class=\"avia_playpause_icon\"><\/div><\/div><\/div><br \/>\n<section  class='av_textblock_section av-ljpy2erk-11-9a863aa120f1d2e292214b5d03accb49 '   itemscope=\"itemscope\" itemtype=\"https:\/\/schema.org\/CreativeWork\" ><div class='avia_textblock'  itemprop=\"text\" ><h5>Yapa 2021 &#8211; Katka Gorunova<\/h5>\n<\/div><\/section><\/p><\/div>\n\n<style type=\"text\/css\" data-created_by=\"avia_inline_auto\" id=\"style-css-av-34n36n-10-679ff14aba82276e2758c16b578c17a9\">\n.flex_column.av-34n36n-10-679ff14aba82276e2758c16b578c17a9{\nborder-radius:0px 0px 0px 0px;\npadding:0px 0px 0px 0px;\n}\n<\/style>\n<div  class='flex_column av-34n36n-10-679ff14aba82276e2758c16b578c17a9 av_one_half  avia-builder-el-23  el_after_av_one_half  el_before_av_one_half  first flex_column_div av-zero-column-padding  column-top-margin'     ><p><div  class='avia-video av-ljpxzeck-9-f218e3ca7c697b17a0ba057d8743ee90 avia-video-16-9 av-no-preview-image avia-video-load-always av-lazyload-immediate av-lazyload-video-embed'  itemprop=\"video\" itemtype=\"https:\/\/schema.org\/VideoObject\"  data-original_url='https:\/\/www.youtube.com\/watch?v=8zw2_cjm06o'><script type='text\/html' class='av-video-tmpl'><div class='avia-iframe-wrap'><iframe loading=\"lazy\" width=\"1500\" height=\"844\" src=\"https:\/\/www.youtube.com\/embed\/8zw2_cjm06o?feature=oembed&autoplay=0&loop=0&controls=1&mute=0\" frameborder=\"0\" allow=\"accelerometer; autoplay; clipboard-write; encrypted-media; gyroscope; picture-in-picture; web-share\" allowfullscreen title=\"Kaher Blaher - Kocham deszcz @ YAPA 2022\"><\/iframe><\/div><\/script><div class='av-click-to-play-overlay'><div class=\"avia_playpause_icon\"><\/div><\/div><\/div><br \/>\n<section  class='av_textblock_section av-ljpy2erk-8-59f7804aa3ccd66e205c788c69a8d16c '   itemscope=\"itemscope\" itemtype=\"https:\/\/schema.org\/CreativeWork\" ><div class='avia_textblock'  itemprop=\"text\" ><h5>Yapa 2022 &#8211; Katarzyna Gil<\/h5>\n<\/div><\/section><\/p><\/div>\n\n<style type=\"text\/css\" data-created_by=\"avia_inline_auto\" id=\"style-css-av-34n36n-7-8b16a29dacc86965853ef775cdab2afe\">\n.flex_column.av-34n36n-7-8b16a29dacc86965853ef775cdab2afe{\nborder-radius:0px 0px 0px 0px;\npadding:0px 0px 0px 0px;\n}\n<\/style>\n<div  class='flex_column av-34n36n-7-8b16a29dacc86965853ef775cdab2afe av_one_half  avia-builder-el-26  el_after_av_one_half  el_before_av_one_half  flex_column_div av-zero-column-padding  column-top-margin'     ><p><div  class='avia-video av-ljpxzeck-6-44d241c60f3b97767f6a673de86b9cfb avia-video-16-9 av-no-preview-image avia-video-load-always av-lazyload-immediate av-lazyload-video-embed'  itemprop=\"video\" itemtype=\"https:\/\/schema.org\/VideoObject\"  data-original_url='https:\/\/www.youtube.com\/watch?v=xSdsKuAHR-0'><script type='text\/html' class='av-video-tmpl'><div class='avia-iframe-wrap'><iframe loading=\"lazy\" width=\"1500\" height=\"844\" src=\"https:\/\/www.youtube.com\/embed\/xSdsKuAHR-0?feature=oembed&autoplay=0&loop=0&controls=1&mute=0\" frameborder=\"0\" allow=\"accelerometer; autoplay; clipboard-write; encrypted-media; gyroscope; picture-in-picture; web-share\" allowfullscreen title=\"Kilka Czu\u0142o\u015bci \u2014 Zawo\u0142aj mnie @ YAPA 2023\"><\/iframe><\/div><\/script><div class='av-click-to-play-overlay'><div class=\"avia_playpause_icon\"><\/div><\/div><\/div><br \/>\n<section  class='av_textblock_section av-ljpy2erk-5-1c289e4b8ff57be0409a131d038c2e75 '   itemscope=\"itemscope\" itemtype=\"https:\/\/schema.org\/CreativeWork\" ><div class='avia_textblock'  itemprop=\"text\" ><h5>Yapa 2023 &#8211; Anna Kami\u0144ska<\/h5>\n<\/div><\/section><\/p><\/div>\n\n<style type=\"text\/css\" data-created_by=\"avia_inline_auto\" id=\"style-css-av-34n36n-4-9e0b200cddef02b849b9a230adceefd0\">\n.flex_column.av-34n36n-4-9e0b200cddef02b849b9a230adceefd0{\nborder-radius:0px 0px 0px 0px;\npadding:0px 0px 0px 0px;\n}\n<\/style>\n<div  class='flex_column av-34n36n-4-9e0b200cddef02b849b9a230adceefd0 av_one_half  avia-builder-el-29  el_after_av_one_half  el_before_av_one_half  first flex_column_div av-zero-column-padding  column-top-margin'     ><p><div  class='avia-video av-ljpxzeck-3-1914ea0f0959594ee6d7aea4d5c6ce4e avia-video-16-9 av-no-preview-image avia-video-load-always av-lazyload-immediate av-lazyload-video-embed'  itemprop=\"video\" itemtype=\"https:\/\/schema.org\/VideoObject\"  data-original_url='https:\/\/youtu.be\/1wy9tMIS9so'><script type='text\/html' class='av-video-tmpl'><div class='avia-iframe-wrap'><iframe loading=\"lazy\" title=\"Na Poddaszu - Danse Macabre @ YAPA 2024\" width=\"1500\" height=\"844\" src=\"https:\/\/www.youtube.com\/embed\/1wy9tMIS9so?feature=oembed&autoplay=0&loop=0&controls=1&mute=0\" frameborder=\"0\" allow=\"accelerometer; autoplay; clipboard-write; encrypted-media; gyroscope; picture-in-picture; web-share\" referrerpolicy=\"strict-origin-when-cross-origin\" allowfullscreen><\/iframe><\/div><\/script><div class='av-click-to-play-overlay'><div class=\"avia_playpause_icon\"><\/div><\/div><\/div><br \/>\n<section  class='av_textblock_section av-ljpy2erk-2-83ab658ae5728b3fbbb3b14153a256d1 '   itemscope=\"itemscope\" itemtype=\"https:\/\/schema.org\/CreativeWork\" ><div class='avia_textblock'  itemprop=\"text\" ><h5>Yapa 2024 &#8211; Agata Boche\u0144ska<\/h5>\n<\/div><\/section><\/p><\/div>\n\n<style type=\"text\/css\" data-created_by=\"avia_inline_auto\" id=\"style-css-av-2fanyn-1d0c822e3e9341d845d7c983f78eca62\">\n.flex_column.av-2fanyn-1d0c822e3e9341d845d7c983f78eca62{\nborder-radius:0px 0px 0px 0px;\npadding:0px 0px 0px 0px;\n}\n<\/style>\n<div  class='flex_column av-2fanyn-1d0c822e3e9341d845d7c983f78eca62 av_one_half  avia-builder-el-32  el_after_av_one_half  avia-builder-el-last  flex_column_div av-zero-column-padding  column-top-margin'     ><p><div  class='avia-video av-m8jcxras-2dbbd6da09325f86600a1ede18e93e0f avia-video-16-9 av-no-preview-image avia-video-load-always av-lazyload-immediate av-lazyload-video-embed'  itemprop=\"video\" itemtype=\"https:\/\/schema.org\/VideoObject\"  data-original_url='https:\/\/youtu.be\/WCAcUcJi6mg'><script type='text\/html' class='av-video-tmpl'><div class='avia-iframe-wrap'><iframe loading=\"lazy\" title=\"Wci\u00f3rno\u015bci - Z sympati\u0105 o diable @ YAPA 2025\" width=\"1500\" height=\"844\" src=\"https:\/\/www.youtube.com\/embed\/WCAcUcJi6mg?feature=oembed&autoplay=0&loop=0&controls=1&mute=0\" frameborder=\"0\" allow=\"accelerometer; autoplay; clipboard-write; encrypted-media; gyroscope; picture-in-picture; web-share\" referrerpolicy=\"strict-origin-when-cross-origin\" allowfullscreen><\/iframe><\/div><\/script><div class='av-click-to-play-overlay'><div class=\"avia_playpause_icon\"><\/div><\/div><\/div><br \/>\n<section  class='av_textblock_section av-m8jcxdg6-ae533ed1a23cba60e3665ca66b23b82a '   itemscope=\"itemscope\" itemtype=\"https:\/\/schema.org\/CreativeWork\" ><div class='avia_textblock'  itemprop=\"text\" ><h5>Yapa 2025 &#8211; Magda Ciesielska<\/h5>\n<\/div><\/section><\/p><\/div>\n","protected":false},"excerpt":{"rendered":"","protected":false},"author":10,"featured_media":0,"parent":0,"menu_order":0,"comment_status":"closed","ping_status":"closed","template":"","meta":{"footnotes":""},"class_list":["post-4207","page","type-page","status-publish","hentry"],"_links":{"self":[{"href":"https:\/\/yapa.art.pl\/2026\/wp-json\/wp\/v2\/pages\/4207","targetHints":{"allow":["GET"]}}],"collection":[{"href":"https:\/\/yapa.art.pl\/2026\/wp-json\/wp\/v2\/pages"}],"about":[{"href":"https:\/\/yapa.art.pl\/2026\/wp-json\/wp\/v2\/types\/page"}],"author":[{"embeddable":true,"href":"https:\/\/yapa.art.pl\/2026\/wp-json\/wp\/v2\/users\/10"}],"replies":[{"embeddable":true,"href":"https:\/\/yapa.art.pl\/2026\/wp-json\/wp\/v2\/comments?post=4207"}],"version-history":[{"count":34,"href":"https:\/\/yapa.art.pl\/2026\/wp-json\/wp\/v2\/pages\/4207\/revisions"}],"predecessor-version":[{"id":5842,"href":"https:\/\/yapa.art.pl\/2026\/wp-json\/wp\/v2\/pages\/4207\/revisions\/5842"}],"wp:attachment":[{"href":"https:\/\/yapa.art.pl\/2026\/wp-json\/wp\/v2\/media?parent=4207"}],"curies":[{"name":"wp","href":"https:\/\/api.w.org\/{rel}","templated":true}]}}