{"id":4986,"date":"2024-07-03T08:05:30","date_gmt":"2024-07-03T06:05:30","guid":{"rendered":"http:\/\/yapa.art.pl\/2024\/?page_id=4986"},"modified":"2026-01-07T23:20:43","modified_gmt":"2026-01-07T22:20:43","slug":"studenckie-lato","status":"publish","type":"page","link":"https:\/\/yapa.art.pl\/2026\/studenckie-lato\/","title":{"rendered":"Studenckie lato"},"content":{"rendered":"\n<style type=\"text\/css\" data-created_by=\"avia_inline_auto\" id=\"style-css-av-1y4qlb-4662c0ce3262d9e36dbccc67c3af6f58\">\n.flex_column.av-1y4qlb-4662c0ce3262d9e36dbccc67c3af6f58{\nborder-radius:0px 0px 0px 0px;\npadding:0px 0px 0px 0px;\n}\n<\/style>\n<div  class='flex_column av-1y4qlb-4662c0ce3262d9e36dbccc67c3af6f58 av_one_full  avia-builder-el-0  el_before_av_one_half  avia-builder-el-first  first flex_column_div av-zero-column-padding  '     ><section  class='av_textblock_section av-ljpwt07q-4647036753e442300f100c3323815abd '   itemscope=\"itemscope\" itemtype=\"https:\/\/schema.org\/CreativeWork\" ><div class='avia_textblock'  itemprop=\"text\" ><h4><strong>Studenckie Lato<\/strong><\/h4>\n<p>Studenckie Lato\u00a0to hymn Yapy, kt\u00f3rym Jurek Bo\u017cyk &#8211; Lwowiak, wokalista i kompozytor jazzowy a tak\u017ce dzia\u0142acz niepodleg\u0142o\u015bciowy, od niepami\u0119tnych czas\u00f3w zaczyna\u0142 w pi\u0105tkowy wiecz\u00f3r Yap\u0119. Kiedy w 2019 roku Jurek odszed\u0142 na wieczn\u0105 wart\u0119, pa\u0142eczk\u0119 po nim przej\u0119li inni zas\u0142u\u017ceni dla Yapy wykonawcy: Mikroklimat, Krzysztof Jurkiewicz, Shanta\u017cy\u015bci, Caryna, Chwila Nieuwagi&#8230; a kto zacznie najbli\u017csz\u0105 Yap\u0119?<\/p>\n<div class='avia-iframe-wrap'><iframe loading=\"lazy\" title=\"Jerzy Bo\u017cyk - Studenckie Lato @ YAPA 2011\" width=\"1500\" height=\"844\" src=\"https:\/\/www.youtube.com\/embed\/hOUUT9EJXzk?feature=oembed\" frameborder=\"0\" allow=\"accelerometer; autoplay; clipboard-write; encrypted-media; gyroscope; picture-in-picture; web-share\" referrerpolicy=\"strict-origin-when-cross-origin\" allowfullscreen><\/iframe><\/div>\n<\/div><\/section><\/div>\n\n<style type=\"text\/css\" data-created_by=\"avia_inline_auto\" id=\"style-css-av-34n36n-857abbc327d451a7816bb5e794bb719a\">\n.flex_column.av-34n36n-857abbc327d451a7816bb5e794bb719a{\nborder-radius:0px 0px 0px 0px;\npadding:0px 0px 0px 0px;\n}\n<\/style>\n<div  class='flex_column av-34n36n-857abbc327d451a7816bb5e794bb719a av_one_half  avia-builder-el-2  el_after_av_one_full  el_before_av_one_half  first flex_column_div av-zero-column-padding  column-top-margin'     ><p><div  class='avia-video av-ljpxzeck-a6156d2e2ceb2dad5daf7ac42b303f74 avia-video-16-9 av-no-preview-image avia-video-load-always av-lazyload-immediate av-lazyload-video-embed'  itemprop=\"video\" itemtype=\"https:\/\/schema.org\/VideoObject\"  data-original_url='https:\/\/youtu.be\/eujDnMPO5iM'><script type='text\/html' class='av-video-tmpl'><div class='avia-iframe-wrap'><iframe loading=\"lazy\" width=\"1500\" height=\"844\" src=\"https:\/\/www.youtube.com\/embed\/eujDnMPO5iM?feature=oembed&autoplay=0&loop=0&controls=1&mute=0\" frameborder=\"0\" allow=\"accelerometer; autoplay; clipboard-write; encrypted-media; gyroscope; picture-in-picture; web-share\" referrerpolicy=\"strict-origin-when-cross-origin\" allowfullscreen title=\"Mikroklimat - Studenckie Lato @ YAPA 2019\"><\/iframe><\/div><\/script><div class='av-click-to-play-overlay'><div class=\"avia_playpause_icon\"><\/div><\/div><\/div><br \/>\n<section  class='av_textblock_section av-ljpy2erk-902aafdf2ef9fdea4bc327e39349e1b7 '   itemscope=\"itemscope\" itemtype=\"https:\/\/schema.org\/CreativeWork\" ><div class='avia_textblock'  itemprop=\"text\" ><h5>Yapa 2019 &#8211; Mikroklimat<\/h5>\n<\/div><\/section><\/p><\/div>\n\n<style type=\"text\/css\" data-created_by=\"avia_inline_auto\" id=\"style-css-av-34n36n-eea6c2315cd046d4b880bdf013a527c0\">\n.flex_column.av-34n36n-eea6c2315cd046d4b880bdf013a527c0{\nborder-radius:0px 0px 0px 0px;\npadding:0px 0px 0px 0px;\n}\n<\/style>\n<div  class='flex_column av-34n36n-eea6c2315cd046d4b880bdf013a527c0 av_one_half  avia-builder-el-5  el_after_av_one_half  el_before_av_one_half  flex_column_div av-zero-column-padding  column-top-margin'     ><p><div  class='avia-video av-ljpxzeck-dfc57d090e74278c494f50391fff10db avia-video-16-9 av-no-preview-image avia-video-load-always av-lazyload-immediate av-lazyload-video-embed'  itemprop=\"video\" itemtype=\"https:\/\/schema.org\/VideoObject\"  data-original_url='https:\/\/youtu.be\/T7BfOD73bCA'><script type='text\/html' class='av-video-tmpl'><div class='avia-iframe-wrap'><iframe loading=\"lazy\" width=\"1500\" height=\"844\" src=\"https:\/\/www.youtube.com\/embed\/T7BfOD73bCA?feature=oembed&autoplay=0&loop=0&controls=1&mute=0\" frameborder=\"0\" allow=\"accelerometer; autoplay; clipboard-write; encrypted-media; gyroscope; picture-in-picture; web-share\" referrerpolicy=\"strict-origin-when-cross-origin\" allowfullscreen title=\"Krzysztof Jurkiewicz - Studenckie Lato @ YAPA 2021\"><\/iframe><\/div><\/script><div class='av-click-to-play-overlay'><div class=\"avia_playpause_icon\"><\/div><\/div><\/div><br \/>\n<section  class='av_textblock_section av-ljpy2erk-902aafdf2ef9fdea4bc327e39349e1b7 '   itemscope=\"itemscope\" itemtype=\"https:\/\/schema.org\/CreativeWork\" ><div class='avia_textblock'  itemprop=\"text\" ><h5>Yapa 2021 &#8211; Krzysztof Jurkiewicz<\/h5>\n<\/div><\/section><\/p><\/div>\n\n<style type=\"text\/css\" data-created_by=\"avia_inline_auto\" id=\"style-css-av-34n36n-857abbc327d451a7816bb5e794bb719a\">\n.flex_column.av-34n36n-857abbc327d451a7816bb5e794bb719a{\nborder-radius:0px 0px 0px 0px;\npadding:0px 0px 0px 0px;\n}\n<\/style>\n<div  class='flex_column av-34n36n-857abbc327d451a7816bb5e794bb719a av_one_half  avia-builder-el-8  el_after_av_one_half  el_before_av_one_half  first flex_column_div av-zero-column-padding  column-top-margin'     ><p><div  class='avia-video av-ljpxzeck-9327d26de24d927fa9a74fae2bf118a2 avia-video-16-9 av-no-preview-image avia-video-load-always av-lazyload-immediate av-lazyload-video-embed'  itemprop=\"video\" itemtype=\"https:\/\/schema.org\/VideoObject\"  data-original_url='https:\/\/youtu.be\/QlvBNwfiW1A'><script type='text\/html' class='av-video-tmpl'><div class='avia-iframe-wrap'><iframe loading=\"lazy\" width=\"1500\" height=\"844\" src=\"https:\/\/www.youtube.com\/embed\/QlvBNwfiW1A?feature=oembed&autoplay=0&loop=0&controls=1&mute=0\" frameborder=\"0\" allow=\"accelerometer; autoplay; clipboard-write; encrypted-media; gyroscope; picture-in-picture; web-share\" referrerpolicy=\"strict-origin-when-cross-origin\" allowfullscreen title=\"Shanta\u017cy\u015bci - Studenckie Lato @ YAPA 2022\"><\/iframe><\/div><\/script><div class='av-click-to-play-overlay'><div class=\"avia_playpause_icon\"><\/div><\/div><\/div><br \/>\n<section  class='av_textblock_section av-ljpy2erk-902aafdf2ef9fdea4bc327e39349e1b7 '   itemscope=\"itemscope\" itemtype=\"https:\/\/schema.org\/CreativeWork\" ><div class='avia_textblock'  itemprop=\"text\" ><h5>Yapa 2022 &#8211; Shanta\u017cy\u015bci<\/h5>\n<\/div><\/section><\/p><\/div>\n\n<style type=\"text\/css\" data-created_by=\"avia_inline_auto\" id=\"style-css-av-34n36n-eea6c2315cd046d4b880bdf013a527c0\">\n.flex_column.av-34n36n-eea6c2315cd046d4b880bdf013a527c0{\nborder-radius:0px 0px 0px 0px;\npadding:0px 0px 0px 0px;\n}\n<\/style>\n<div  class='flex_column av-34n36n-eea6c2315cd046d4b880bdf013a527c0 av_one_half  avia-builder-el-11  el_after_av_one_half  el_before_av_one_half  flex_column_div av-zero-column-padding  column-top-margin'     ><p><div  class='avia-video av-ljpxzeck-1671b7d32a33e22a6f48d1eade90eac3 avia-video-16-9 av-no-preview-image avia-video-load-always av-lazyload-immediate av-lazyload-video-embed'  itemprop=\"video\" itemtype=\"https:\/\/schema.org\/VideoObject\"  data-original_url='https:\/\/youtu.be\/JNWAcYI8C70'><script type='text\/html' class='av-video-tmpl'><div class='avia-iframe-wrap'><iframe loading=\"lazy\" width=\"1500\" height=\"844\" src=\"https:\/\/www.youtube.com\/embed\/JNWAcYI8C70?feature=oembed&autoplay=0&loop=0&controls=1&mute=0\" frameborder=\"0\" allow=\"accelerometer; autoplay; clipboard-write; encrypted-media; gyroscope; picture-in-picture; web-share\" referrerpolicy=\"strict-origin-when-cross-origin\" allowfullscreen title=\"Caryna - Studenckie Lato @ Yapa 2023\"><\/iframe><\/div><\/script><div class='av-click-to-play-overlay'><div class=\"avia_playpause_icon\"><\/div><\/div><\/div><br \/>\n<section  class='av_textblock_section av-ljpy2erk-902aafdf2ef9fdea4bc327e39349e1b7 '   itemscope=\"itemscope\" itemtype=\"https:\/\/schema.org\/CreativeWork\" ><div class='avia_textblock'  itemprop=\"text\" ><h5>Yapa 2023 &#8211; Caryna<\/h5>\n<\/div><\/section><\/p><\/div>\n\n<style type=\"text\/css\" data-created_by=\"avia_inline_auto\" id=\"style-css-av-34n36n-857abbc327d451a7816bb5e794bb719a\">\n.flex_column.av-34n36n-857abbc327d451a7816bb5e794bb719a{\nborder-radius:0px 0px 0px 0px;\npadding:0px 0px 0px 0px;\n}\n<\/style>\n<div  class='flex_column av-34n36n-857abbc327d451a7816bb5e794bb719a av_one_half  avia-builder-el-14  el_after_av_one_half  el_before_av_one_half  first flex_column_div av-zero-column-padding  column-top-margin'     ><p><div  class='avia-video av-ljpxzeck-591f501509f93a9b05d8282860572d86 avia-video-16-9 av-no-preview-image avia-video-load-always av-lazyload-immediate av-lazyload-video-embed'  itemprop=\"video\" itemtype=\"https:\/\/schema.org\/VideoObject\"  data-original_url='https:\/\/youtu.be\/Ic-LynhSjyM'><script type='text\/html' class='av-video-tmpl'><div class='avia-iframe-wrap'><iframe loading=\"lazy\" width=\"1500\" height=\"844\" src=\"https:\/\/www.youtube.com\/embed\/Ic-LynhSjyM?feature=oembed&autoplay=0&loop=0&controls=1&mute=0\" frameborder=\"0\" allow=\"accelerometer; autoplay; clipboard-write; encrypted-media; gyroscope; picture-in-picture; web-share\" referrerpolicy=\"strict-origin-when-cross-origin\" allowfullscreen title=\"Chwila Nieuwagi - Studenckie Lato @ YAPA 2024\"><\/iframe><\/div><\/script><div class='av-click-to-play-overlay'><div class=\"avia_playpause_icon\"><\/div><\/div><\/div><br \/>\n<section  class='av_textblock_section av-ljpy2erk-902aafdf2ef9fdea4bc327e39349e1b7 '   itemscope=\"itemscope\" itemtype=\"https:\/\/schema.org\/CreativeWork\" ><div class='avia_textblock'  itemprop=\"text\" ><h5>Yapa 2024 &#8211; Chwila Nieuwagi<\/h5>\n<\/div><\/section><\/p><\/div>\n\n<style type=\"text\/css\" data-created_by=\"avia_inline_auto\" id=\"style-css-av-av_one_half-f7c1061df29de8cca6b42fcf455fe4a0\">\n.flex_column.av-av_one_half-f7c1061df29de8cca6b42fcf455fe4a0{\nborder-radius:0px 0px 0px 0px;\npadding:0px 0px 0px 0px;\n}\n<\/style>\n<div  class='flex_column av-av_one_half-f7c1061df29de8cca6b42fcf455fe4a0 av_one_half  avia-builder-el-17  el_after_av_one_half  avia-builder-el-last  flex_column_div av-zero-column-padding  column-top-margin'     ><p><div  class='avia-video av-mk4l05hw-b179239d88633b60491d6dd735c7e132 avia-video-16-9 av-no-preview-image avia-video-load-always av-lazyload-immediate av-lazyload-video-embed'  itemprop=\"video\" itemtype=\"https:\/\/schema.org\/VideoObject\"  data-original_url='https:\/\/youtu.be\/8Kia50zWEhU'><script type='text\/html' class='av-video-tmpl'><div class='avia-iframe-wrap'><iframe loading=\"lazy\" title=\"Grupa na Swoim - Studenckie Lato @ YAPA 2025\" width=\"1500\" height=\"844\" src=\"https:\/\/www.youtube.com\/embed\/8Kia50zWEhU?feature=oembed&autoplay=0&loop=0&controls=1&mute=0\" frameborder=\"0\" allow=\"accelerometer; autoplay; clipboard-write; encrypted-media; gyroscope; picture-in-picture; web-share\" referrerpolicy=\"strict-origin-when-cross-origin\" allowfullscreen><\/iframe><\/div><\/script><div class='av-click-to-play-overlay'><div class=\"avia_playpause_icon\"><\/div><\/div><\/div><br \/>\n<section  class='av_textblock_section av-mk4l0hmy-63ed0b419281efeb43b50ff1cdad56ce '   itemscope=\"itemscope\" itemtype=\"https:\/\/schema.org\/CreativeWork\" ><div class='avia_textblock'  itemprop=\"text\" ><h5>Yapa 2025 &#8211; Grupa na Swoim<\/h5>\n<\/div><\/section><\/p><\/div>\n","protected":false},"excerpt":{"rendered":"","protected":false},"author":6,"featured_media":0,"parent":0,"menu_order":0,"comment_status":"closed","ping_status":"closed","template":"","meta":{"footnotes":""},"class_list":["post-4986","page","type-page","status-publish","hentry"],"_links":{"self":[{"href":"https:\/\/yapa.art.pl\/2026\/wp-json\/wp\/v2\/pages\/4986","targetHints":{"allow":["GET"]}}],"collection":[{"href":"https:\/\/yapa.art.pl\/2026\/wp-json\/wp\/v2\/pages"}],"about":[{"href":"https:\/\/yapa.art.pl\/2026\/wp-json\/wp\/v2\/types\/page"}],"author":[{"embeddable":true,"href":"https:\/\/yapa.art.pl\/2026\/wp-json\/wp\/v2\/users\/6"}],"replies":[{"embeddable":true,"href":"https:\/\/yapa.art.pl\/2026\/wp-json\/wp\/v2\/comments?post=4986"}],"version-history":[{"count":12,"href":"https:\/\/yapa.art.pl\/2026\/wp-json\/wp\/v2\/pages\/4986\/revisions"}],"predecessor-version":[{"id":6043,"href":"https:\/\/yapa.art.pl\/2026\/wp-json\/wp\/v2\/pages\/4986\/revisions\/6043"}],"wp:attachment":[{"href":"https:\/\/yapa.art.pl\/2026\/wp-json\/wp\/v2\/media?parent=4986"}],"curies":[{"name":"wp","href":"https:\/\/api.w.org\/{rel}","templated":true}]}}