{"id":547,"date":"2019-02-11T13:11:17","date_gmt":"2019-02-11T13:11:17","guid":{"rendered":"http:\/\/yapa.art.pl\/2019\/?page_id=547"},"modified":"2026-03-10T12:08:18","modified_gmt":"2026-03-10T11:08:18","slug":"karnety","status":"publish","type":"page","link":"https:\/\/yapa.art.pl\/2026\/karnety\/","title":{"rendered":"Karnety"},"content":{"rendered":"\n<style type=\"text\/css\" data-created_by=\"avia_inline_auto\" id=\"style-css-av-ooa3-3e5ccd60db34b018a96859403ad89881\">\n.avia-section.av-ooa3-3e5ccd60db34b018a96859403ad89881 .av-parallax .av-parallax-inner{\nbackground-repeat:no-repeat;\nbackground-image:url(https:\/\/www.yapa.art.pl\/2026\/wp-content\/uploads\/2019\/02\/DSC04079.jpg);\nbackground-position:50% 50%;\nbackground-attachment:scroll;\n}\n<\/style>\n<div id='av_section_1'  class='avia-section av-ooa3-3e5ccd60db34b018a96859403ad89881 main_color avia-section-default avia-no-border-styling  avia-builder-el-0  el_before_av_heading  avia-builder-el-first  avia-full-stretch av-parallax-section avia-bg-style-parallax av-minimum-height av-minimum-height-50 av-height-50  container_wrap fullsize'  data-section-bg-repeat='stretch' data-av_minimum_height_pc='50' data-av_min_height_opt='50'><div class='av-parallax' data-avia-parallax-ratio='0.3' ><div class='av-parallax-inner main_color avia-full-stretch'><\/div><\/div><div class='container av-section-cont-open' ><main  role=\"main\" itemprop=\"mainContentOfPage\"  class='template-page content  av-content-full alpha units'><div class='post-entry post-entry-type-page post-entry-547'><div class='entry-content-wrapper clearfix'><\/div><\/div><\/main><!-- close content main element --><\/div><\/div><div id='after_section_1'  class='main_color av_default_container_wrap container_wrap fullsize'  ><div class='container av-section-cont-open' ><div class='template-page content  av-content-full alpha units'><div class='post-entry post-entry-type-page post-entry-547'><div class='entry-content-wrapper clearfix'>\n\n<style type=\"text\/css\" data-created_by=\"avia_inline_auto\" id=\"style-css-av-k68pn-7eb55a1c212c681becf3fa2b79d32a63\">\n#top .av-special-heading.av-k68pn-7eb55a1c212c681becf3fa2b79d32a63{\npadding-bottom:10px;\n}\nbody .av-special-heading.av-k68pn-7eb55a1c212c681becf3fa2b79d32a63 .av-special-heading-tag .heading-char{\nfont-size:25px;\n}\n.av-special-heading.av-k68pn-7eb55a1c212c681becf3fa2b79d32a63 .av-subheading{\nfont-size:15px;\n}\n<\/style>\n<div  class='av-special-heading av-k68pn-7eb55a1c212c681becf3fa2b79d32a63 av-special-heading-h1  avia-builder-el-1  el_after_av_section  el_before_av_one_full  avia-builder-el-first '><h1 class='av-special-heading-tag '  itemprop=\"headline\"  >Karnety<\/h1><div class=\"special-heading-border\"><div class=\"special-heading-inner-border\"><\/div><\/div><\/div>\n\n<style type=\"text\/css\" data-created_by=\"avia_inline_auto\" id=\"style-css-av-dqf17-81216f8eb6bb4589b516b5ab97dd3acc\">\n.flex_column.av-dqf17-81216f8eb6bb4589b516b5ab97dd3acc{\nborder-radius:0px 0px 0px 0px;\npadding:0px 0px 0px 0px;\n}\n<\/style>\n<div  class='flex_column av-dqf17-81216f8eb6bb4589b516b5ab97dd3acc av_one_full  avia-builder-el-2  el_after_av_heading  el_before_av_image  first flex_column_div av-zero-column-padding  '     ><section  class='av_textblock_section av-js0aquhj-0cb9aa04cc5b6ad29791df58f3aa44f7 '   itemscope=\"itemscope\" itemtype=\"https:\/\/schema.org\/CreativeWork\" ><div class='avia_textblock'  itemprop=\"text\" ><h3>Na YAP\u0118 2026 obowi\u0105zuj\u0105 dwa rodzaje karnet\u00f3w:<\/h3>\n<ul>\n<li>W cenie\u00a0<strong>88,8\u00a0<\/strong>z\u0142 (\u201enormalny\u201d) \u2013\u00a0<em>uprawnia do wej\u015bcia na wszystkie 4 koncerty podczas ca\u0142ego Przegl\u0105du i zaj\u0119cia miejsca na widowni<\/em><\/li>\n<li>W cenie\u00a0<strong>69<\/strong>\u00a0z\u0142 (\u201eulgowy\u201d) \u2013\u00a0<em>uprawnia uczni\u00f3w i student\u00f3w do 26. roku \u017cycia do wej\u015bcia na wszystkie 4 koncerty podczas ca\u0142ego Przegl\u0105du i zaj\u0119cia miejsca na widowni<\/em><\/li>\n<\/ul>\n<p>Dzieci do lat 6 wchodz\u0105 na YAP\u0118 za darmo.<\/p>\n<p>Regulamin dla widz\u00f3w:\u00a0<a href=\"https:\/\/yapa.art.pl\/2026\/regulamin\">https:\/\/yapa.art.pl\/2026\/regulamin<\/a><\/p>\n<h3>Zach\u0119camy do zakupu kup karnetu przez aplikacj\u0119, formularz poni\u017cej lub stron\u0119 biletyna.pl (uwaga &#8211; z aplikacj\u0105 op\u0142ata serwisowa jest o po\u0142ow\u0119 ni\u017csza!)<\/h3>\n<p>Link do AppStore: <a href=\"https:\/\/apps.apple.com\/us\/app\/biletyna-pl\/id1599249171\">https:\/\/apps.apple.com\/us\/app\/biletyna-pl\/id1599249171<\/a><strong><br \/>\n<\/strong>Link do Google Play: <a href=\"https:\/\/play.google.com\/store\/apps\/details?id=pl.biletyna.app&amp;hl=pl\">https:\/\/play.google.com\/store\/apps\/details?id=pl.biletyna.app<\/a><\/p>\n<p>Okazanie kodu QR do kontroli przy wej\u015bciu b\u0119dzie podstaw\u0105 do wydania opaski uprawniaj\u0105cej do wst\u0119pu na wszystkie 3 dni i 4 koncerty yapowe.<\/p>\n<\/div><\/section><\/div>\n<style type=\"text\/css\" data-created_by=\"avia_inline_auto\" id=\"style-css-av-js9hihmv-7e83f19ad2e643dfb1e6eeb9192110f1\">\n.avia-image-container.av-js9hihmv-7e83f19ad2e643dfb1e6eeb9192110f1 img.avia_image{\nbox-shadow:none;\n}\n.avia-image-container.av-js9hihmv-7e83f19ad2e643dfb1e6eeb9192110f1 .av-image-caption-overlay-center{\ncolor:#ffffff;\n}\n<\/style>\n<div  class='avia-image-container av-js9hihmv-7e83f19ad2e643dfb1e6eeb9192110f1 av-styling- avia-align-center  avia-builder-el-4  el_after_av_one_full  el_before_av_one_full '   itemprop=\"image\" itemscope=\"itemscope\" itemtype=\"https:\/\/schema.org\/ImageObject\" ><div class=\"avia-image-container-inner\"><div class=\"avia-image-overlay-wrap\"><img fetchpriority=\"high\" class='avia-img-lazy-loading-not- avia_image ' src='http:\/\/yapa.art.pl\/2019\/wp-content\/uploads\/2019\/02\/sala-281x300.png' alt='' title=''   itemprop=\"thumbnailUrl\"  \/><\/div><\/div><\/div><\/p>\n\n<style type=\"text\/css\" data-created_by=\"avia_inline_auto\" id=\"style-css-av-hqccz-524ef6955b41de976ff2da47a8990dd6\">\n.flex_column.av-hqccz-524ef6955b41de976ff2da47a8990dd6{\nborder-radius:0px 0px 0px 0px;\npadding:0px 0px 0px 0px;\n}\n<\/style>\n<div  class='flex_column av-hqccz-524ef6955b41de976ff2da47a8990dd6 av_one_full  avia-builder-el-5  el_after_av_image  el_before_av_social_share  first flex_column_div av-zero-column-padding  '     ><\/div>\n<div  class='av-social-sharing-box av-js0bhyqf-954bba4629c0dc679acaa267d0f505e4 av-social-sharing-box-default  avia-builder-el-7  el_after_av_one_full  avia-builder-el-last  av-social-sharing-box-fullwidth'><div class=\"av-share-box\"><h5 class='av-share-link-description av-no-toc '>Pole\u0107 nas<\/h5><ul class=\"av-share-box-list noLightbox\"><li class='av-share-link av-social-link-facebook' ><a target=\"_blank\" aria-label=\"Udost\u0119pnij Facebook\" href='https:\/\/www.facebook.com\/sharer.php?u=https:\/\/yapa.art.pl\/2026\/karnety\/&#038;t=Karnety' aria-hidden='false' data-av_icon='\ue8f3' data-av_iconfont='entypo-fontello' title='' data-avia-related-tooltip='Udost\u0119pnij Facebook'><span class='avia_hidden_link_text'>Udost\u0119pnij Facebook<\/span><\/a><\/li><li class='av-share-link av-social-link-twitter' ><a target=\"_blank\" aria-label=\"Udost\u0119pnij X\" href='https:\/\/twitter.com\/share?text=Karnety&#038;url=https:\/\/yapa.art.pl\/2026\/?p=547' aria-hidden='false' data-av_icon='\ue932' data-av_iconfont='entypo-fontello' title='' data-avia-related-tooltip='Udost\u0119pnij X'><span class='avia_hidden_link_text'>Udost\u0119pnij X<\/span><\/a><\/li><li class='av-share-link av-social-link-pinterest' ><a target=\"_blank\" aria-label=\"Udost\u0119pnij Pinterest\" href='https:\/\/pinterest.com\/pin\/create\/button\/?url=https%3A%2F%2Fyapa.art.pl%2F2026%2Fkarnety%2F&#038;description=Karnety&#038;media=' aria-hidden='false' data-av_icon='\ue8f8' data-av_iconfont='entypo-fontello' title='' data-avia-related-tooltip='Udost\u0119pnij Pinterest'><span class='avia_hidden_link_text'>Udost\u0119pnij Pinterest<\/span><\/a><\/li><li class='av-share-link av-social-link-mail' ><a  aria-label=\"Wy\u015blij e-mail\" href='mailto:?subject=Karnety&#038;body=https:\/\/yapa.art.pl\/2026\/karnety\/' aria-hidden='false' data-av_icon='\ue805' data-av_iconfont='entypo-fontello' title='' data-avia-related-tooltip='Wy\u015blij e-mail'><span class='avia_hidden_link_text'>Wy\u015blij e-mail<\/span><\/a><\/li><\/ul><\/div><\/div>\n","protected":false},"excerpt":{"rendered":"","protected":false},"author":2,"featured_media":0,"parent":0,"menu_order":0,"comment_status":"closed","ping_status":"closed","template":"","meta":{"footnotes":""},"class_list":["post-547","page","type-page","status-publish","hentry"],"_links":{"self":[{"href":"https:\/\/yapa.art.pl\/2026\/wp-json\/wp\/v2\/pages\/547","targetHints":{"allow":["GET"]}}],"collection":[{"href":"https:\/\/yapa.art.pl\/2026\/wp-json\/wp\/v2\/pages"}],"about":[{"href":"https:\/\/yapa.art.pl\/2026\/wp-json\/wp\/v2\/types\/page"}],"author":[{"embeddable":true,"href":"https:\/\/yapa.art.pl\/2026\/wp-json\/wp\/v2\/users\/2"}],"replies":[{"embeddable":true,"href":"https:\/\/yapa.art.pl\/2026\/wp-json\/wp\/v2\/comments?post=547"}],"version-history":[{"count":124,"href":"https:\/\/yapa.art.pl\/2026\/wp-json\/wp\/v2\/pages\/547\/revisions"}],"predecessor-version":[{"id":6220,"href":"https:\/\/yapa.art.pl\/2026\/wp-json\/wp\/v2\/pages\/547\/revisions\/6220"}],"wp:attachment":[{"href":"https:\/\/yapa.art.pl\/2026\/wp-json\/wp\/v2\/media?parent=547"}],"curies":[{"name":"wp","href":"https:\/\/api.w.org\/{rel}","templated":true}]}}